{"id":4958,"date":"2007-09-22T12:02:00","date_gmt":"2007-09-22T12:02:00","guid":{"rendered":"https:\/\/oberle-stiftung.de\/?page_id=4958"},"modified":"2023-10-31T11:25:30","modified_gmt":"2023-10-31T11:25:30","slug":"lehrerfortbildung-auf-dem-zmf","status":"publish","type":"page","link":"https:\/\/oberle-stiftung.de\/?page_id=4958","title":{"rendered":"Lehrerfortbildung auf dem ZMF"},"content":{"rendered":"\n<p>FREIBURG. Die Wilhelm-Oberle-Stiftung l\u00e4dt am Montag, 3. Juli, ab 15 Uhr Lehrer und Mitarbeiter von Kinder- und Jugendeinrichtungen aus den Kreisen Freiburg, Emmendingen und Breisgau-Hochschwarzwald auf das Zelt-Musik-Festival ein. Im Gastro-Zelt pr\u00e4sentieren sich 40 Einrichtungen der Gewalt- und Suchtpr\u00e4vention sowie der Sexual-, Konsum-, Verkehrs-, Medien- und Erlebnisp\u00e4dagogik. Weitere Infos zu dieser Lehrerfortbildung etwas anderer Art unter \u200507633\u2005\/ 981700.<br><br>Aus der Badischen Zeitung vom&nbsp;30.06.2006<\/p>\n","protected":false},"excerpt":{"rendered":"<p>FREIBURG. Die Wilhelm-Oberle-Stiftung l\u00e4dt am Montag, 3. Juli, ab 15 Uhr Lehrer und Mitarbeiter von Kinder- und Jugendeinrichtungen aus den Kreisen Freiburg, Emmendingen und Breisgau-Hochschwarzwald auf das Zelt-Musik-Festival ein. Im Gastro-Zelt pr\u00e4sentieren sich 40 Einrichtungen der Gewalt- und Suchtpr\u00e4vention sowie der Sexual-, Konsum-, Verkehrs-, Medien- und Erlebnisp\u00e4dagogik. Weitere Infos zu dieser Lehrerfortbildung etwas anderer Art &hellip; <a href=\"https:\/\/oberle-stiftung.de\/?page_id=4958\" class=\"more-link\"><span class=\"screen-reader-text\">Lehrerfortbildung auf dem ZMF<\/span> weiterlesen <span class=\"meta-nav\">&rarr;<\/span><\/a><\/p>\n","protected":false},"author":7,"featured_media":0,"parent":0,"menu_order":0,"comment_status":"closed","ping_status":"closed","template":"","meta":{"ngg_post_thumbnail":0,"footnotes":""},"categories":[69],"tags":[],"class_list":["post-4958","page","type-page","status-publish","hentry","category-presse"],"_links":{"self":[{"href":"https:\/\/oberle-stiftung.de\/index.php?rest_route=\/wp\/v2\/pages\/4958","targetHints":{"allow":["GET"]}}],"collection":[{"href":"https:\/\/oberle-stiftung.de\/index.php?rest_route=\/wp\/v2\/pages"}],"about":[{"href":"https:\/\/oberle-stiftung.de\/index.php?rest_route=\/wp\/v2\/types\/page"}],"author":[{"embeddable":true,"href":"https:\/\/oberle-stiftung.de\/index.php?rest_route=\/wp\/v2\/users\/7"}],"replies":[{"embeddable":true,"href":"https:\/\/oberle-stiftung.de\/index.php?rest_route=%2Fwp%2Fv2%2Fcomments&post=4958"}],"version-history":[{"count":2,"href":"https:\/\/oberle-stiftung.de\/index.php?rest_route=\/wp\/v2\/pages\/4958\/revisions"}],"predecessor-version":[{"id":4964,"href":"https:\/\/oberle-stiftung.de\/index.php?rest_route=\/wp\/v2\/pages\/4958\/revisions\/4964"}],"wp:attachment":[{"href":"https:\/\/oberle-stiftung.de\/index.php?rest_route=%2Fwp%2Fv2%2Fmedia&parent=4958"}],"wp:term":[{"taxonomy":"category","embeddable":true,"href":"https:\/\/oberle-stiftung.de\/index.php?rest_route=%2Fwp%2Fv2%2Fcategories&post=4958"},{"taxonomy":"post_tag","embeddable":true,"href":"https:\/\/oberle-stiftung.de\/index.php?rest_route=%2Fwp%2Fv2%2Ftags&post=4958"}],"curies":[{"name":"wp","href":"https:\/\/api.w.org\/{rel}","templated":true}]}}