{"id":4968,"date":"2014-09-25T14:46:00","date_gmt":"2014-09-25T14:46:00","guid":{"rendered":"https:\/\/oberle-stiftung.de\/?page_id=4968"},"modified":"2023-10-30T13:31:38","modified_gmt":"2023-10-30T13:31:38","slug":"solidaritaet-haelt-die-globale-gemeinschaft-zusammen","status":"publish","type":"page","link":"https:\/\/oberle-stiftung.de\/?page_id=4968","title":{"rendered":"Solidarit\u00e4t h\u00e4lt die globale Gemeinschaft zusammen!"},"content":{"rendered":"\n<p><span style=\"font-size: inherit;\"><img loading=\"lazy\" decoding=\"async\" class=\"alignright\" src=\"http:\/\/oberle-stiftung.de\/wp-content\/uploads\/2023\/09\/Bildschirmfoto-2023-09-25-um-16.26.04.png\" width=\"280\" height=\"177\">Nicht nur ein gutes, sondern ein tats\u00e4chlich \u201eausgezeichnetes&#8220; Beispiel:<br><\/span><strong>IKA &#8222;HANDS for children&#8220;<br><\/strong>Bei dem deutschen Mittelst\u00e4ndler IKA aus Staufen (mit weltweiten Zweigbetrieben) packen selbst die Rentner und Pension\u00e4re noch mit an!<\/p>\n<p><!--more-->Sie fertigen spezielle IKA-Laborger\u00e4te und zwar ganz ohne Bezahlung. Die Ger\u00e4te werden wie gewohnt von IKA vertrieben, aber der dabei erwirtschaftete Gewinn kommt nach gemeinsamer Entscheidung in voller H\u00f6he benachteiligten Kindern zugute.<br><br><span style=\"font-size: inherit;\"><img loading=\"lazy\" decoding=\"async\" class=\"aligncenter\" src=\"http:\/\/oberle-stiftung.de\/wp-content\/uploads\/2023\/09\/Bildschirmfoto-2023-09-25-um-16.25.56.png\" width=\"250\" height=\"288\"><\/span><br>&#8222;F\u00fcr mich hat sich damit der Kreis geschlossen: Ich bin wieder bei<br>der IKA zu Gunsten von benachteiligten Kindern und jungen Menschen.&#8220;<br>Horst Ruppenthal, ehemaliger Betriebsleiter IKA<\/p>\n<p>Damit nicht nur Laborger\u00e4te mit hoher Qualit\u00e4t entstehen, sondern auch soziale Projekte mit G\u00fctesiegel, steht die Oberle-Stiftung bei der Umsetzung den Rentnern zur Seite.<br>Sie koordiniert die Projekte im Entwicklungsland und springt mit eigenem Geld ein, wenn IKAs flei\u00dfige &#8222;Renter- Hands&#8220; mal eine wohlverdiente Pause brauchen.<br>So entstand aus einer stabilen Partnerschaft rund um den Globus ein doppelt ausgezeichnetes Ergebnis.<br>Eine von IKA neu aufgebaute Dorfschule &#8211; 4.000 m hoch gelegen&nbsp; in den peruanischen Anden &#8211; wurde vom dortigen Kultusministerium als beste Schule der Provinz ausgezeichnet!<br>Und IKA gewann hier in Baden-W\u00fcrttemberg 2013 den \u201eMittelstandspreis f\u00fcr soziale Verantwortung!&#8220; &#8211; h\u00fcben wie dr\u00fcben unter rund 200 Mitbewerbern.<br>Herzlichen Gl\u00fcckwunsch!<br><br><a href=\"https:\/\/www.ika.com\/de\/News\/IKA-fuer-soziales-Engagement-ausgezeichnet-Mittelstandspreis-fuer-Soziale-Verantwortung-fuer-das-Hilfsprojekt-HANDS-for-children-cnw-424.html\" target=\"_blank\" rel=\"noopener\">Zur Website von der IKA f\u00fcr soziales Engagement<\/a><\/p>\n","protected":false},"excerpt":{"rendered":"<p>Nicht nur ein gutes, sondern ein tats\u00e4chlich \u201eausgezeichnetes&#8220; Beispiel:IKA &#8222;HANDS for children&#8220;Bei dem deutschen Mittelst\u00e4ndler IKA aus Staufen (mit weltweiten Zweigbetrieben) packen selbst die Rentner und Pension\u00e4re noch mit an!<\/p>\n","protected":false},"author":7,"featured_media":0,"parent":0,"menu_order":0,"comment_status":"closed","ping_status":"closed","template":"","meta":{"ngg_post_thumbnail":0,"footnotes":""},"categories":[20,35,42,9],"tags":[],"class_list":["post-4968","page","type-page","status-publish","hentry","category-deutschland","category-hilfen-fuer-kinder-u-jugendliche","category-hilfen-fuer-menschen-in-den-anden","category-peru"],"_links":{"self":[{"href":"https:\/\/oberle-stiftung.de\/index.php?rest_route=\/wp\/v2\/pages\/4968","targetHints":{"allow":["GET"]}}],"collection":[{"href":"https:\/\/oberle-stiftung.de\/index.php?rest_route=\/wp\/v2\/pages"}],"about":[{"href":"https:\/\/oberle-stiftung.de\/index.php?rest_route=\/wp\/v2\/types\/page"}],"author":[{"embeddable":true,"href":"https:\/\/oberle-stiftung.de\/index.php?rest_route=\/wp\/v2\/users\/7"}],"replies":[{"embeddable":true,"href":"https:\/\/oberle-stiftung.de\/index.php?rest_route=%2Fwp%2Fv2%2Fcomments&post=4968"}],"version-history":[{"count":9,"href":"https:\/\/oberle-stiftung.de\/index.php?rest_route=\/wp\/v2\/pages\/4968\/revisions"}],"predecessor-version":[{"id":5174,"href":"https:\/\/oberle-stiftung.de\/index.php?rest_route=\/wp\/v2\/pages\/4968\/revisions\/5174"}],"wp:attachment":[{"href":"https:\/\/oberle-stiftung.de\/index.php?rest_route=%2Fwp%2Fv2%2Fmedia&parent=4968"}],"wp:term":[{"taxonomy":"category","embeddable":true,"href":"https:\/\/oberle-stiftung.de\/index.php?rest_route=%2Fwp%2Fv2%2Fcategories&post=4968"},{"taxonomy":"post_tag","embeddable":true,"href":"https:\/\/oberle-stiftung.de\/index.php?rest_route=%2Fwp%2Fv2%2Ftags&post=4968"}],"curies":[{"name":"wp","href":"https:\/\/api.w.org\/{rel}","templated":true}]}}