{"id":4981,"date":"2021-09-28T10:17:00","date_gmt":"2021-09-28T10:17:00","guid":{"rendered":"https:\/\/oberle-stiftung.de\/?page_id=4981"},"modified":"2023-10-30T12:50:56","modified_gmt":"2023-10-30T12:50:56","slug":"zieht-euch-an-3","status":"publish","type":"page","link":"https:\/\/oberle-stiftung.de\/?page_id=4981","title":{"rendered":"Zieht euch an!"},"content":{"rendered":"\n<p><img loading=\"lazy\" decoding=\"async\" class=\"alignright\" src=\"http:\/\/oberle-stiftung.de\/wp-content\/uploads\/2023\/09\/Zieht-euch-an.jpg\" width=\"106\" height=\"230\">Gebrauchte Kleidung wird gerne gespendet, wie die gut gef\u00fcllten Regale und Kleiderb\u00fcgel im Kleiderladen Freiburg belegen. Was aber immer Mangelware ist: Schuhe, insbesondere&nbsp; Kinderschuhe.<br><!--more--> Wie gut, dass es so unerm\u00fcdliche Helfer wie auf dem Foto gibt, die eine Palette mit Schuhen einfach aufkaufen. F\u00fcr so einen Gro\u00dfeinkauf spenden wir gerne.<br>Uns wird berichtet, dass mit Verhandlungstalent hohe Preisnachl\u00e4sse erzielt wurden. Bei dem L\u00e4cheln und der Menge an Schuhen glauben wir das aufs Wort.<br><br>Kleiderspenden sollen saisonal abgegeben werden. Im Winter braucht der Kleiderladen w\u00e4rmende Jacken, dicke Pullis, M\u00fctzen und Schals.&nbsp;<br>Wir helfen bei speziellen Anschaffungen: Mit unserem&nbsp; Zuschuss k\u00f6nnen R\u00fccks\u00e4cke, Schlafs\u00e4cke, Isomatten neu eingekauft und dann an Wohnungslose ausgegeben werden.&nbsp;<br><img loading=\"lazy\" decoding=\"async\" class=\"aligncenter\" src=\"http:\/\/oberle-stiftung.de\/wp-content\/uploads\/2023\/09\/Zieht-euch-an-1.jpg\" width=\"378\" height=\"359\"><a href=\"https:\/\/www.vfs-ev.de\/kleiderladen-und-outfit.html\" target=\"_blank\" rel=\"noopener\">Zur Seite der Vereinigung Freiburger Sozialarbeit e.V.<\/a><\/p>\n","protected":false},"excerpt":{"rendered":"<p>Gebrauchte Kleidung wird gerne gespendet, wie die gut gef\u00fcllten Regale und Kleiderb\u00fcgel im Kleiderladen Freiburg belegen. Was aber immer Mangelware ist: Schuhe, insbesondere&nbsp; Kinderschuhe.<\/p>\n","protected":false},"author":7,"featured_media":0,"parent":0,"menu_order":0,"comment_status":"closed","ping_status":"closed","template":"","meta":{"ngg_post_thumbnail":0,"footnotes":""},"categories":[38,36,39,21],"tags":[],"class_list":["post-4981","page","type-page","status-publish","hentry","category-hilfen-fuer-einzelne-menschen","category-hilfen-fuer-fluechtlinge","category-hilfen-fuer-randgruppen","category-region-freiburg"],"_links":{"self":[{"href":"https:\/\/oberle-stiftung.de\/index.php?rest_route=\/wp\/v2\/pages\/4981","targetHints":{"allow":["GET"]}}],"collection":[{"href":"https:\/\/oberle-stiftung.de\/index.php?rest_route=\/wp\/v2\/pages"}],"about":[{"href":"https:\/\/oberle-stiftung.de\/index.php?rest_route=\/wp\/v2\/types\/page"}],"author":[{"embeddable":true,"href":"https:\/\/oberle-stiftung.de\/index.php?rest_route=\/wp\/v2\/users\/7"}],"replies":[{"embeddable":true,"href":"https:\/\/oberle-stiftung.de\/index.php?rest_route=%2Fwp%2Fv2%2Fcomments&post=4981"}],"version-history":[{"count":5,"href":"https:\/\/oberle-stiftung.de\/index.php?rest_route=\/wp\/v2\/pages\/4981\/revisions"}],"predecessor-version":[{"id":5163,"href":"https:\/\/oberle-stiftung.de\/index.php?rest_route=\/wp\/v2\/pages\/4981\/revisions\/5163"}],"wp:attachment":[{"href":"https:\/\/oberle-stiftung.de\/index.php?rest_route=%2Fwp%2Fv2%2Fmedia&parent=4981"}],"wp:term":[{"taxonomy":"category","embeddable":true,"href":"https:\/\/oberle-stiftung.de\/index.php?rest_route=%2Fwp%2Fv2%2Fcategories&post=4981"},{"taxonomy":"post_tag","embeddable":true,"href":"https:\/\/oberle-stiftung.de\/index.php?rest_route=%2Fwp%2Fv2%2Ftags&post=4981"}],"curies":[{"name":"wp","href":"https:\/\/api.w.org\/{rel}","templated":true}]}}