{"id":4990,"date":"2023-10-11T07:43:58","date_gmt":"2023-10-11T07:43:58","guid":{"rendered":"https:\/\/oberle-stiftung.de\/?page_id=4990"},"modified":"2023-10-30T13:09:15","modified_gmt":"2023-10-30T13:09:15","slug":"ich-kann-kochen-2","status":"publish","type":"page","link":"https:\/\/oberle-stiftung.de\/?page_id=4990","title":{"rendered":"Ich kann kochen!"},"content":{"rendered":"\n<p><img loading=\"lazy\" decoding=\"async\" class=\"alignright\" src=\"http:\/\/oberle-stiftung.de\/wp-content\/uploads\/2023\/10\/Ich-kann-kochen.jpg\" width=\"264\" height=\"272\">Ein Projekt f\u00fcr Sch\u00fcler*innen, die kochen lernen wollen,<br>f\u00fcr K\u00f6che, die Nachwuchs suchen,<br>f\u00fcr Sch\u00fcler*innen, die K\u00f6che werden wollen,<br>f\u00fcr Eltern, die mit ihren Kindern kochen m\u00f6chten, <br>und f\u00fcr Menschen, die gutes und gesundes Essen lieben.<br><!--more--><br>Wer\u2019s \u00fcberpr\u00fcfen m\u00f6chte, der kann sich gerne mal umsehen auf: <a href=\"https:\/\/schule-kocht-digital.de\/\" target=\"_blank\" rel=\"noopener\">Schule kocht digital<\/a><br><br><a href=\"https:\/\/www.badische-zeitung.de\/horbener-sternekoch-gibt-schuelern-einblick-ins-gesunde-kochen--250867442.html\" target=\"_blank\" rel=\"noopener\">Zum Artikel der Badischen Zeitung vom 27.03.2023<\/a><br><br><br>Auch die Zarduna Schule war dabei!<br>So pfiffig suchten die Sch\u00fclerschaft der Zarduna-Schule nach weiteren Sponsoren:<br><a href=\"\/\/www.youtube.com\/watch?v=FIGWW56FFxQ\" target=\"_blank\" rel=\"noopener\">Zum YouTube Video der Zarduna Schule<br><\/a><\/p>\n<p style=\"font-weight: 400;\">Gerne sind wir bei so einem innovativen Projekt als F\u00f6rderer dabei!<\/p>\n","protected":false},"excerpt":{"rendered":"<p>Ein Projekt f\u00fcr Sch\u00fcler*innen, die kochen lernen wollen,f\u00fcr K\u00f6che, die Nachwuchs suchen,f\u00fcr Sch\u00fcler*innen, die K\u00f6che werden wollen,f\u00fcr Eltern, die mit ihren Kindern kochen m\u00f6chten, und f\u00fcr Menschen, die gutes und gesundes Essen lieben.<\/p>\n","protected":false},"author":7,"featured_media":0,"parent":0,"menu_order":0,"comment_status":"closed","ping_status":"closed","template":"","meta":{"ngg_post_thumbnail":0,"footnotes":""},"categories":[35,21],"tags":[],"class_list":["post-4990","page","type-page","status-publish","hentry","category-hilfen-fuer-kinder-u-jugendliche","category-region-freiburg"],"_links":{"self":[{"href":"https:\/\/oberle-stiftung.de\/index.php?rest_route=\/wp\/v2\/pages\/4990","targetHints":{"allow":["GET"]}}],"collection":[{"href":"https:\/\/oberle-stiftung.de\/index.php?rest_route=\/wp\/v2\/pages"}],"about":[{"href":"https:\/\/oberle-stiftung.de\/index.php?rest_route=\/wp\/v2\/types\/page"}],"author":[{"embeddable":true,"href":"https:\/\/oberle-stiftung.de\/index.php?rest_route=\/wp\/v2\/users\/7"}],"replies":[{"embeddable":true,"href":"https:\/\/oberle-stiftung.de\/index.php?rest_route=%2Fwp%2Fv2%2Fcomments&post=4990"}],"version-history":[{"count":5,"href":"https:\/\/oberle-stiftung.de\/index.php?rest_route=\/wp\/v2\/pages\/4990\/revisions"}],"predecessor-version":[{"id":5042,"href":"https:\/\/oberle-stiftung.de\/index.php?rest_route=\/wp\/v2\/pages\/4990\/revisions\/5042"}],"wp:attachment":[{"href":"https:\/\/oberle-stiftung.de\/index.php?rest_route=%2Fwp%2Fv2%2Fmedia&parent=4990"}],"wp:term":[{"taxonomy":"category","embeddable":true,"href":"https:\/\/oberle-stiftung.de\/index.php?rest_route=%2Fwp%2Fv2%2Fcategories&post=4990"},{"taxonomy":"post_tag","embeddable":true,"href":"https:\/\/oberle-stiftung.de\/index.php?rest_route=%2Fwp%2Fv2%2Ftags&post=4990"}],"curies":[{"name":"wp","href":"https:\/\/api.w.org\/{rel}","templated":true}]}}