{"id":58,"date":"2015-02-24T12:34:20","date_gmt":"2015-02-24T12:34:20","guid":{"rendered":"http:\/\/oberle-stiftung.de\/?page_id=58"},"modified":"2015-09-23T21:31:19","modified_gmt":"2015-09-23T21:31:19","slug":"presse","status":"publish","type":"page","link":"https:\/\/oberle-stiftung.de\/?page_id=58","title":{"rendered":"Aus unserer Arbeit"},"content":{"rendered":"<h2 style=\"text-align: left;\">\u00a0\u00a0\u00a0\u00a0\u00a0\u00a0\u00a0\u00a0\u00a0\u00a0\u00a0\u00a0\u00a0\u00a0\u00a0\u00a0\u00a0\u00a0\u00a0\u00a0\u00a0\u00a0 Geschichten der Hoffnung<\/h2>\n<h3 title=\"der Stifter\">f\u00fcr diese Menschen\u00a0\u00a0\u00a0\u00a0\u00a0\u00a0\u00a0\u00a0\u00a0\u00a0\u00a0\u00a0\u00a0\u00a0\u00a0\u00a0\u00a0\u00a0\u00a0\u00a0\u00a0\u00a0\u00a0\u00a0\u00a0\u00a0\u00a0\u00a0 \u00a0 \u00a0 \u00a0\u00a0 \u00a0\u00a0\u00a0\u00a0\u00a0\u00a0\u00a0\u00a0 in diesen L\u00e4ndern<\/h3>\n<table>\n<tbody>\n<tr>\n<td>\n<h6><a href=\"http:\/\/oberle-stiftung.de\/?cat=12\">Hilfen f\u00fcr <strong>a<\/strong>lte Menschen<\/a><\/h6>\n<h6><a href=\"http:\/\/oberle-stiftung.de\/?cat=33\">Hilfen f\u00fcr <strong>b<\/strong>ehinderte Menschen<\/a><\/h6>\n<h6><a href=\"http:\/\/oberle-stiftung.de\/?cat=38\">Hilfen f\u00fcr einzelne Menschen<\/a><\/h6>\n<h6><a href=\"http:\/\/oberle-stiftung.de\/?cat=36\">Hilfen f\u00fcr Fl\u00fcchtlinge<\/a><\/h6>\n<h6><a href=\"http:\/\/oberle-stiftung.de\/?cat=35\">Hilfen f\u00fcr Kinder u. Jugendliche<\/a><\/h6>\n<h6><a href=\"http:\/\/oberle-stiftung.de\/?cat=13\">Hilfen f\u00fcr kranke Menschen<\/a><\/h6>\n<h6><a href=\"http:\/\/oberle-stiftung.de\/?cat=42\">Hilfen f\u00fcr Menschen in den Anden<\/a><\/h6>\n<h6><a href=\"http:\/\/oberle-stiftung.de\/?cat=41\">Hilfen f\u00fcr Menschen ohne Wasser<\/a><\/h6>\n<h6><a href=\"http:\/\/oberle-stiftung.de\/?cat=39\">Hilfen f\u00fcr Randgruppen<\/a><\/h6>\n<h6><a href=\"http:\/\/oberle-stiftung.de\/?cat=40\">Hilfen f\u00fcr spezielle Volksgruppen<\/a><\/h6>\n<h6><a href=\"http:\/\/oberle-stiftung.de\/?cat=37\">Hilfen f\u00fcr verschuldete Menschen<\/a><\/h6>\n<\/td>\n<td>\n<h6><a href=\"http:\/\/oberle-stiftung.de\/?cat=21\">in der Region Freiburg<\/a><\/h6>\n<h6><a href=\"http:\/\/oberle-stiftung.de\/?cat=20\">in Deutschland<\/a><\/h6>\n<h6><\/h6>\n<h6><a href=\"http:\/\/oberle-stiftung.de\/?cat=9\">in Peru<\/a><\/h6>\n<h6>\u00a0<a href=\"http:\/\/oberle-stiftung.de\/?cat=10\">in Ecuador<\/a><\/h6>\n<h6><a href=\"http:\/\/oberle-stiftung.de\/?cat=17\">in Bolivien<\/a><\/h6>\n<h6><\/h6>\n<h6><a href=\"http:\/\/oberle-stiftung.de\/?cat=18\">in Ost-Afrika<\/a><\/h6>\n<h6><a href=\"http:\/\/oberle-stiftung.de\/?cat=19\">in Ost-Europa<\/a><\/h6>\n<h6><\/h6>\n<h6><a href=\"http:\/\/oberle-stiftung.de\/?cat=34\">in sonstigen L\u00e4ndern<\/a><\/h6>\n<\/td>\n<\/tr>\n<\/tbody>\n<\/table>\n<p><span style=\"color: #993300;\">\u00a0<\/span><\/p>\n","protected":false},"excerpt":{"rendered":"<p>\u00a0\u00a0\u00a0\u00a0\u00a0\u00a0\u00a0\u00a0\u00a0\u00a0\u00a0\u00a0\u00a0\u00a0\u00a0\u00a0\u00a0\u00a0\u00a0\u00a0\u00a0\u00a0 Geschichten der Hoffnung f\u00fcr diese Menschen\u00a0\u00a0\u00a0\u00a0\u00a0\u00a0\u00a0\u00a0\u00a0\u00a0\u00a0\u00a0\u00a0\u00a0\u00a0\u00a0\u00a0\u00a0\u00a0\u00a0\u00a0\u00a0\u00a0\u00a0\u00a0\u00a0\u00a0\u00a0 \u00a0 \u00a0 \u00a0\u00a0 \u00a0\u00a0\u00a0\u00a0\u00a0\u00a0\u00a0\u00a0 in diesen L\u00e4ndern Hilfen f\u00fcr alte Menschen Hilfen f\u00fcr behinderte Menschen Hilfen f\u00fcr einzelne Menschen Hilfen f\u00fcr Fl\u00fcchtlinge Hilfen f\u00fcr Kinder u. Jugendliche Hilfen f\u00fcr kranke Menschen Hilfen f\u00fcr Menschen in den Anden Hilfen f\u00fcr Menschen ohne Wasser Hilfen f\u00fcr Randgruppen Hilfen f\u00fcr spezielle &hellip; <a href=\"https:\/\/oberle-stiftung.de\/?page_id=58\" class=\"more-link\"><span class=\"screen-reader-text\">Aus unserer Arbeit<\/span> weiterlesen <span class=\"meta-nav\">&rarr;<\/span><\/a><\/p>\n","protected":false},"author":8,"featured_media":0,"parent":0,"menu_order":1,"comment_status":"closed","ping_status":"closed","template":"","meta":{"ngg_post_thumbnail":0,"footnotes":""},"categories":[43],"tags":[],"class_list":["post-58","page","type-page","status-publish","hentry","category-allgemein-website"],"_links":{"self":[{"href":"https:\/\/oberle-stiftung.de\/index.php?rest_route=\/wp\/v2\/pages\/58","targetHints":{"allow":["GET"]}}],"collection":[{"href":"https:\/\/oberle-stiftung.de\/index.php?rest_route=\/wp\/v2\/pages"}],"about":[{"href":"https:\/\/oberle-stiftung.de\/index.php?rest_route=\/wp\/v2\/types\/page"}],"author":[{"embeddable":true,"href":"https:\/\/oberle-stiftung.de\/index.php?rest_route=\/wp\/v2\/users\/8"}],"replies":[{"embeddable":true,"href":"https:\/\/oberle-stiftung.de\/index.php?rest_route=%2Fwp%2Fv2%2Fcomments&post=58"}],"version-history":[{"count":35,"href":"https:\/\/oberle-stiftung.de\/index.php?rest_route=\/wp\/v2\/pages\/58\/revisions"}],"predecessor-version":[{"id":1898,"href":"https:\/\/oberle-stiftung.de\/index.php?rest_route=\/wp\/v2\/pages\/58\/revisions\/1898"}],"wp:attachment":[{"href":"https:\/\/oberle-stiftung.de\/index.php?rest_route=%2Fwp%2Fv2%2Fmedia&parent=58"}],"wp:term":[{"taxonomy":"category","embeddable":true,"href":"https:\/\/oberle-stiftung.de\/index.php?rest_route=%2Fwp%2Fv2%2Fcategories&post=58"},{"taxonomy":"post_tag","embeddable":true,"href":"https:\/\/oberle-stiftung.de\/index.php?rest_route=%2Fwp%2Fv2%2Ftags&post=58"}],"curies":[{"name":"wp","href":"https:\/\/api.w.org\/{rel}","templated":true}]}}