{"id":690,"date":"2015-09-05T11:44:50","date_gmt":"2015-09-05T11:44:50","guid":{"rendered":"http:\/\/oberle-stiftung.de\/?page_id=690"},"modified":"2017-12-28T16:25:49","modified_gmt":"2017-12-28T16:25:49","slug":"spenden-einzugsermaechtigung","status":"publish","type":"page","link":"https:\/\/oberle-stiftung.de\/?page_id=690","title":{"rendered":"Spenden-Einzugserm\u00e4chtigung"},"content":{"rendered":"<p><strong><a href=\"http:\/\/oberle-stiftung.de\/wp-content\/uploads\/2015\/07\/garantie_stempel.png\"><img loading=\"lazy\" decoding=\"async\" class=\"alignright  wp-image-579\" src=\"http:\/\/oberle-stiftung.de\/wp-content\/uploads\/2015\/07\/garantie_stempel-300x174.png\" alt=\"garantie_stempel\" width=\"194\" height=\"112\" srcset=\"https:\/\/oberle-stiftung.de\/wp-content\/uploads\/2015\/07\/garantie_stempel-300x174.png 300w, https:\/\/oberle-stiftung.de\/wp-content\/uploads\/2015\/07\/garantie_stempel.png 350w\" sizes=\"auto, (max-width: 194px) 100vw, 194px\" \/><\/a>Der &#8211; f\u00fcr Sie und f\u00fcr uns &#8211; einfachste Weg zu spenden, <\/strong><br \/>\nist die Erteilung einer Einzugserm\u00e4chtigung von Ihrem Bankkonto.<\/p>\n<p>Damit ist gew\u00e4hrleistet,<\/p>\n<ul>\n<li>dass wir alle Angaben<br \/>\nzum Versenden einer Spendenbscheinigung haben.<br \/>\n<em>(Die Adress-Angaben im Verwendungszweck einer \u00dcberweisung erreichen uns &#8211; banktechnisch bedingt &#8211; oft nicht vollst\u00e4ndig.)<\/em><\/li>\n<li>dass Ihre Spende bei uns automatisch richtig verbucht wird.<br \/>\n(<em>D.h. sowohl Ihnen als Spender wie auch dem von Ihnen gew\u00fcschten Projekt \/ Spendenaktion richtig zugeordnet wird.)<\/em><\/li>\n<\/ul>\n<p><span style=\"text-decoration: underline;\">Kopieren Sie einfach nachfolgenen Text <\/span>&#8211; den Sie beliebig erg\u00e4nzen k\u00f6nnen &#8211;<br \/>\n<span style=\"text-decoration: underline;\"> in eine Mail an:<\/span>\u00a0\u00a0 <strong><a href=\"mailto:info@oberle-stiftung.de\" target=\"_blank\">info@oberle-stiftung.de<\/a><\/strong><\/p>\n<blockquote>\n<pre>Hiermit bevollm\u00e4chtige ich die Oberle-Stiftung\u00a0 - auf widerrufbare Weise (!)\u00a0 - im Lastschriftverfahren einzuziehen:\r\nvon meinem Bankkonto mit der IBAN:\r\n(ersatzweise :\u00a0 BLZ: ...\u00a0\u00a0\u00a0\u00a0\u00a0 Konto-Nr.: ...\u00a0\u00a0\u00a0\u00a0 )\r\neinen Betrag von \u20ac\u00a0 ...\r\nmeine Absenderangaben\u00a0 (nur f\u00fcr die Ausstellung einer Spendenbescheinigung zu verwenden!):\r\nHerr\/Frau  ... Strasse  ... PLZ \/ Ort  ...\r\nX\u00a0\u00a0\u00a0 Meine Spende ist zweckgebunden f\u00fcr (Projekt\/Aktion):\r\nO\u00a0 meine Spende k\u00f6nnen Sie frei f\u00fcr aktuell dringenste Notlagen verwenden\r\nIch versichere, selbst der Kontoinhaber des o.g. Bankkontos zu sein.<\/pre>\n<\/blockquote>\n<p>(Eine Unterschrift ist nicht n\u00f6tig und per Mail ja auch nicht m\u00f6glich)<\/p>\n<p><strong>Herzlichen Dank!<\/strong><\/p>\n<p>Sie k\u00f6nnen die Lastschrift bis zu 8 Wochen ohne Angaben von Gr\u00fcnden zur\u00fcckgegeben!<\/p>\n<p>Sie erhalten eine Spendenbescheinigung <strong>automatisch<\/strong> nach Ablauf des Kalenderjahres!<br \/>\n<em>(im Januar; vorher k\u00f6nnen sie die Bescheinigung auch nicht steuerwirksam verwenden. )<\/em><br \/>\nBei evt. mehreren Spenden erhalten Sie &#8211; alles auf einem Blatt &#8211; eine sog. &#8222;Sammelbescheinigung&#8220;.<br \/>\nWenn Sie eine lieber <strong>sofort<\/strong> eine Spendenbescheinigung w\u00fcnschen, so geht selbstverst\u00e4ndlich auch das. Vermerken Sie es einfach in der Einzugs-Mail.<\/p>\n<p>Wir sind f\u00fcr das Einzugsverfahren bei der Deutschen Bundesbank registriert!<br \/>\n(dortige Gl\u00e4ubiger-ID: DE60ZZZ00000831052)<\/p>\n<p>Ihre Spende kommt an! Die Spendenbescheinigung auch!<br \/>\nDas Verfahren ist sicher! Sogar eine evt. R\u00fcckabwicklung ist einfach m\u00f6glich!<\/p>\n<p>&nbsp;<\/p>\n","protected":false},"excerpt":{"rendered":"<p>Der &#8211; f\u00fcr Sie und f\u00fcr uns &#8211; einfachste Weg zu spenden, ist die Erteilung einer Einzugserm\u00e4chtigung von Ihrem Bankkonto. Damit ist gew\u00e4hrleistet, dass wir alle Angaben zum Versenden einer Spendenbscheinigung haben. (Die Adress-Angaben im Verwendungszweck einer \u00dcberweisung erreichen uns &#8211; banktechnisch bedingt &#8211; oft nicht vollst\u00e4ndig.) dass Ihre Spende bei uns automatisch richtig verbucht &hellip; <a href=\"https:\/\/oberle-stiftung.de\/?page_id=690\" class=\"more-link\"><span class=\"screen-reader-text\">Spenden-Einzugserm\u00e4chtigung<\/span> weiterlesen <span class=\"meta-nav\">&rarr;<\/span><\/a><\/p>\n","protected":false},"author":3,"featured_media":0,"parent":567,"menu_order":0,"comment_status":"closed","ping_status":"closed","template":"","meta":{"ngg_post_thumbnail":0,"footnotes":""},"categories":[],"tags":[],"class_list":["post-690","page","type-page","status-publish","hentry"],"_links":{"self":[{"href":"https:\/\/oberle-stiftung.de\/index.php?rest_route=\/wp\/v2\/pages\/690","targetHints":{"allow":["GET"]}}],"collection":[{"href":"https:\/\/oberle-stiftung.de\/index.php?rest_route=\/wp\/v2\/pages"}],"about":[{"href":"https:\/\/oberle-stiftung.de\/index.php?rest_route=\/wp\/v2\/types\/page"}],"author":[{"embeddable":true,"href":"https:\/\/oberle-stiftung.de\/index.php?rest_route=\/wp\/v2\/users\/3"}],"replies":[{"embeddable":true,"href":"https:\/\/oberle-stiftung.de\/index.php?rest_route=%2Fwp%2Fv2%2Fcomments&post=690"}],"version-history":[{"count":17,"href":"https:\/\/oberle-stiftung.de\/index.php?rest_route=\/wp\/v2\/pages\/690\/revisions"}],"predecessor-version":[{"id":1983,"href":"https:\/\/oberle-stiftung.de\/index.php?rest_route=\/wp\/v2\/pages\/690\/revisions\/1983"}],"up":[{"embeddable":true,"href":"https:\/\/oberle-stiftung.de\/index.php?rest_route=\/wp\/v2\/pages\/567"}],"wp:attachment":[{"href":"https:\/\/oberle-stiftung.de\/index.php?rest_route=%2Fwp%2Fv2%2Fmedia&parent=690"}],"wp:term":[{"taxonomy":"category","embeddable":true,"href":"https:\/\/oberle-stiftung.de\/index.php?rest_route=%2Fwp%2Fv2%2Fcategories&post=690"},{"taxonomy":"post_tag","embeddable":true,"href":"https:\/\/oberle-stiftung.de\/index.php?rest_route=%2Fwp%2Fv2%2Ftags&post=690"}],"curies":[{"name":"wp","href":"https:\/\/api.w.org\/{rel}","templated":true}]}}