{"id":735,"date":"2015-09-08T19:30:07","date_gmt":"2015-09-08T19:30:07","guid":{"rendered":"http:\/\/oberle-stiftung.de\/?page_id=735"},"modified":"2020-08-25T10:28:14","modified_gmt":"2020-08-25T10:28:14","slug":"nepalesische-familie-in-not","status":"publish","type":"page","link":"https:\/\/oberle-stiftung.de\/?page_id=735","title":{"rendered":"Nepalesische Familie in Not"},"content":{"rendered":"<p style=\"text-align: justify;\"><a href=\"http:\/\/oberle-stiftung.de\/wp-content\/uploads\/2015\/09\/Nepal-Tamang.jpg\"><img loading=\"lazy\" decoding=\"async\" class=\"alignright size-thumbnail wp-image-740\" src=\"http:\/\/oberle-stiftung.de\/wp-content\/uploads\/2015\/09\/Nepal-Tamang-150x150.jpg\" alt=\"Nepal Tamang\" width=\"150\" height=\"150\" \/><\/a>Das Haus der Familie Shyam Bahadur Tamang stand ganz pl\u00f6tzlich in Flammen &#8211; und das in der k\u00e4ltesten Zeit des Jahres in Nepal, gleich nach dem Tihar Fest, Ende November. Helfen konnte man nicht viel, au\u00dfer dass man Menschen und Tiere vor dem Feuer rettete. Alle Erntevorr\u00e4te verbrannten ebenso wie die Kleidung und die Schulb\u00fccher der Kinder.\u00a0 Die ganze Familie Shyam Bahadur stand ohne eine Bleibe und sprichw\u00f6rtlich mit nur noch den Kleidern auf dem Leib da!<!--more--><\/p>\n<p style=\"text-align: justify;\">Nach dem ersten Schock halfen alle mit, die Situation zu meistern: In der Nachbarschaft fand sich ein leerstehendes Haus, das als vor\u00fcbergehende Unterkunft f\u00fcr die Familie hergerichtet wurde. Alle D\u00f6rfler und sogar die Angeh\u00f6rigen der Tamang Volksgruppe aus der weiteren Umgebung unterst\u00fctzten mit Sachspenden, Reis, Mais usw.\u00a0 Sogar ein klein wenig Geld wurde gespendet. Die Tamang sind die gr\u00f6\u00dfte tibeto-mongolische Ethnie in Nepal, sie z\u00e4hlen insgesamt \u00fcber 350.000 Seelen: Eine Volksgruppe die anpackt, wenn es jemanden schlecht geht.<a href=\"http:\/\/oberle-stiftung.de\/wp-content\/uploads\/2015\/09\/IMG_1511.jpg\"><img loading=\"lazy\" decoding=\"async\" class=\"aligncenter size-large wp-image-737\" src=\"http:\/\/oberle-stiftung.de\/wp-content\/uploads\/2015\/09\/IMG_1511-1024x576.jpg\" alt=\"IMG_1511\" width=\"604\" height=\"340\" srcset=\"https:\/\/oberle-stiftung.de\/wp-content\/uploads\/2015\/09\/IMG_1511-1024x576.jpg 1024w, https:\/\/oberle-stiftung.de\/wp-content\/uploads\/2015\/09\/IMG_1511-300x169.jpg 300w\" sizes=\"auto, (max-width: 604px) 100vw, 604px\" \/><\/a><br \/>\nSehr bald konnten konkrete Pl\u00e4ne zum Wiederaufbau des Hauses gemacht werden. Die Steine wurden im \u00f6rtlichen Steinbruch geholt. Zement war nicht n\u00f6tig, traditionell\u00a0 wird mit\u00a0 tonhaltiger Erde\u00a0 gebaut und die findet sich\u00a0 \u00fcberall. Holz wurde z. T. aus dem Dorfwald gebracht, Zinkplatten f\u00fcr das Dach wurden gespendet.<\/p>\n<p style=\"text-align: justify;\">Einzig fehlten\u00a0 die\u00a0 etwas st\u00e4rkeren\u00a0 Holzbalken\u00a0 f\u00fcr den Dachstuhl, dass wurde zugekauft.<br \/>\nHierf\u00fcr waren 10.000 Rs (111 EURO) erforderlich, die aus dem Nothilfefonds der Oberle-Stiftung genommen wurden. Damit das Haus noch vor Beginn des Monsunregens fertig werden konnte, wurde das Holz sofort bestellt und musste, da keine befahrbare Stra\u00dfe in das Dorf f\u00fchrt, ein gutes St\u00fcck getragen werden. Das erledigte der Bauherr selbst, mit Hilfe seiner Nachbarn. Alle packten mit an, es gab keine Zeit zu verlieren!<br \/>\n<a href=\"http:\/\/oberle-stiftung.de\/wp-content\/uploads\/2015\/09\/IMG_1475.jpg\"><img loading=\"lazy\" decoding=\"async\" class=\"  wp-image-1326 alignleft\" src=\"http:\/\/oberle-stiftung.de\/wp-content\/uploads\/2015\/09\/IMG_1475-300x169.jpg\" alt=\"IMG_1475\" width=\"303\" height=\"170\" srcset=\"https:\/\/oberle-stiftung.de\/wp-content\/uploads\/2015\/09\/IMG_1475-300x169.jpg 300w, https:\/\/oberle-stiftung.de\/wp-content\/uploads\/2015\/09\/IMG_1475-1024x576.jpg 1024w\" sizes=\"auto, (max-width: 303px) 100vw, 303px\" \/><\/a><\/p>\n<p>Inzwischen ist die Familie eingezogen. Die Kinder k\u00f6nnen wieder in die Schule gehen, der Hausherr und seine Frau haben ihre Felder neu bestellt und hoffen auf gute Ernte.\u00a0 Die Familie\u00a0 lebt vor allem von Mais, Hirse und Gerste.<\/p>\n","protected":false},"excerpt":{"rendered":"<p>Das Haus der Familie Shyam Bahadur Tamang stand ganz pl\u00f6tzlich in Flammen &#8211; und das in der k\u00e4ltesten Zeit des Jahres in Nepal, gleich nach dem Tihar Fest, Ende November. Helfen konnte man nicht viel, au\u00dfer dass man Menschen und Tiere vor dem Feuer rettete. Alle Erntevorr\u00e4te verbrannten ebenso wie die Kleidung und die Schulb\u00fccher &hellip; <a href=\"https:\/\/oberle-stiftung.de\/?page_id=735\" class=\"more-link\"><span class=\"screen-reader-text\">Nepalesische Familie in Not<\/span> weiterlesen <span class=\"meta-nav\">&rarr;<\/span><\/a><\/p>\n","protected":false},"author":3,"featured_media":0,"parent":58,"menu_order":0,"comment_status":"closed","ping_status":"closed","template":"","meta":{"ngg_post_thumbnail":0,"footnotes":""},"categories":[38,40,34],"tags":[],"class_list":["post-735","page","type-page","status-publish","hentry","category-hilfen-fuer-einzelne-menschen","category-hilfen-fuer-spezielle-volkgruppen","category-weltwaerts-sonstige"],"_links":{"self":[{"href":"https:\/\/oberle-stiftung.de\/index.php?rest_route=\/wp\/v2\/pages\/735","targetHints":{"allow":["GET"]}}],"collection":[{"href":"https:\/\/oberle-stiftung.de\/index.php?rest_route=\/wp\/v2\/pages"}],"about":[{"href":"https:\/\/oberle-stiftung.de\/index.php?rest_route=\/wp\/v2\/types\/page"}],"author":[{"embeddable":true,"href":"https:\/\/oberle-stiftung.de\/index.php?rest_route=\/wp\/v2\/users\/3"}],"replies":[{"embeddable":true,"href":"https:\/\/oberle-stiftung.de\/index.php?rest_route=%2Fwp%2Fv2%2Fcomments&post=735"}],"version-history":[{"count":19,"href":"https:\/\/oberle-stiftung.de\/index.php?rest_route=\/wp\/v2\/pages\/735\/revisions"}],"predecessor-version":[{"id":1324,"href":"https:\/\/oberle-stiftung.de\/index.php?rest_route=\/wp\/v2\/pages\/735\/revisions\/1324"}],"up":[{"embeddable":true,"href":"https:\/\/oberle-stiftung.de\/index.php?rest_route=\/wp\/v2\/pages\/58"}],"wp:attachment":[{"href":"https:\/\/oberle-stiftung.de\/index.php?rest_route=%2Fwp%2Fv2%2Fmedia&parent=735"}],"wp:term":[{"taxonomy":"category","embeddable":true,"href":"https:\/\/oberle-stiftung.de\/index.php?rest_route=%2Fwp%2Fv2%2Fcategories&post=735"},{"taxonomy":"post_tag","embeddable":true,"href":"https:\/\/oberle-stiftung.de\/index.php?rest_route=%2Fwp%2Fv2%2Ftags&post=735"}],"curies":[{"name":"wp","href":"https:\/\/api.w.org\/{rel}","templated":true}]}}