{"id":744,"date":"2019-09-08T20:11:39","date_gmt":"2019-09-08T20:11:39","guid":{"rendered":"http:\/\/oberle-stiftung.de\/?page_id=744"},"modified":"2021-04-23T15:54:30","modified_gmt":"2021-04-23T15:54:30","slug":"aus-einer-abrechnung-eines-einzelhilfefonds-in-rumaenien","status":"publish","type":"page","link":"https:\/\/oberle-stiftung.de\/?page_id=744","title":{"rendered":"Aus der &#8218;Abrechnung&#8216; eines Einzelhilfefonds in Rum\u00e4nien"},"content":{"rendered":"<p style=\"text-align: justify;\">Zur einfachen und direkten Abwicklung von individuellen<a href=\"http:\/\/oberle-stiftung.de\/wp-content\/uploads\/2015\/09\/3.2.die-Armen-auf-dem-Land-10.jpg\"><img loading=\"lazy\" decoding=\"async\" class=\"alignright  wp-image-2707\" src=\"http:\/\/oberle-stiftung.de\/wp-content\/uploads\/2015\/09\/3.2.die-Armen-auf-dem-Land-10-150x150.jpg\" alt=\"H\u00e4uschen in Rum\u00e4nien\" width=\"163\" height=\"163\" \/><\/a> Hilfsleistungen in Notsituationen stellt die Oberle-Stiftung auch einen laufenden Sozialfonds zur Verf\u00fcgung.<br \/>\nDies ist ein\u00a0 Angebot an pers\u00f6nlich bekannte Helfer vor Ort, die mit den heimischen Armutsverh\u00e4ltnissen vertraut sind, pers\u00f6nlich karitative Direkthilfen ehrenamtlich oder professionell organisieren k\u00f6nnen und dies engagiert tun.Die einzelnen Hilfsleistungen sind sehr vielf\u00e4ltig.<br \/>\nEin Beispiel einer \u201aAbrechnung\u2018 aus Rum\u00e4nien,\u00a0 vor\u00a0 Ort geschrieben und per Fax an uns geschickt.<\/p>\n<p style=\"text-align: justify;\"><!--more--><\/p>\n<p style=\"text-align: justify;\">1. Karasi\u00a0 Pamela \u2013 Irgendwann vor 7 Jahren sind die 9 Kinder Waisen geworden, die Eltern verstarben. Inzwischen sind Pamela und ihre Geschwister gro\u00df und leben von Gelegenheitsarbeiten. Sie brauchten nun eine offizielle Best\u00e4tigung von einem Notar, dass sie kein Einkommen haben, damit sie eine geringe staatliche Unterst\u00fctzung\u00a0 erhalten.<\/p>\n<p style=\"text-align: justify;\">2.\u00a0 R\u00f3zsa\u00a0 Henrietta \u2013\u00a0 Eine Sch\u00fclerin aus Moftinul Mare. Sie bat um Hilfe f\u00fcr den Transport eines blinden Jungen aus ihrem Heimatdorf. Damit der Junge plus Begleiter nach Klausenburg zu einem Augenspezialisten fahren k\u00f6nnen.<\/p>\n<p style=\"text-align: justify;\"><a href=\"http:\/\/oberle-stiftung.de\/wp-content\/uploads\/2015\/09\/EH-SatuMare-Beh.bettl_.Schw_.jpg\"><img loading=\"lazy\" decoding=\"async\" class=\"alignleft  wp-image-746\" src=\"http:\/\/oberle-stiftung.de\/wp-content\/uploads\/2015\/09\/EH-SatuMare-Beh.bettl_.Schw_-300x225.jpg\" alt=\"EH SatuMare Beh.bettl.Schw\" width=\"276\" height=\"207\" srcset=\"https:\/\/oberle-stiftung.de\/wp-content\/uploads\/2015\/09\/EH-SatuMare-Beh.bettl_.Schw_-300x225.jpg 300w, https:\/\/oberle-stiftung.de\/wp-content\/uploads\/2015\/09\/EH-SatuMare-Beh.bettl_.Schw_-1024x768.jpg 1024w\" sizes=\"auto, (max-width: 276px) 100vw, 276px\" \/><\/a>3. Pap Erzs\u00e9bet \u2013 Sie hat 9 Kinder, lebt von Gelegenheitsarbeiten. Die \u00e4lteren Kindern arbeiten manchmal auch f\u00fcr einen Tagelohn. Die Familie lebt auf einem Dorf. Erzs\u00e9bet pflegt daneben ihre Schwester, die bei einem Zugunfall beide Beine verloren hat. Ein Neffe von Erz\u00e9bet ist ebenfalls krank, er leidet an Schizophrenie. Obwohl sich die Familie sehr bem\u00fcht, ohne Unterst\u00fctzung klarzukommen, gelingt das nicht immer. Sie bekamen Geld f\u00fcr Brennholz,\u00a0 damit konnten sie Heizmaterial f\u00fcr die zwei h\u00e4rtesten Wintermonate kaufen.<\/p>\n<p style=\"text-align: justify;\">3.\u00a0Farkas R\u00f3z\u00e1lia \u2013 Eine Gro\u00dfmutter, die ganz allein ihr Enkelkind aufzieht. Ich habe ihr bei der Zahlung der Stromrechnung geholfen, damit der Strom nicht abgeschaltet wird.<\/p>\n<p style=\"text-align: justify;\"><a href=\"http:\/\/oberle-stiftung.de\/wp-content\/uploads\/2015\/09\/5.4.Roma-Fam-3.jpg\"><img loading=\"lazy\" decoding=\"async\" class=\"alignright  wp-image-745\" src=\"http:\/\/oberle-stiftung.de\/wp-content\/uploads\/2015\/09\/5.4.Roma-Fam-3-300x200.jpg\" alt=\"5.4.Roma Fam (3)\" width=\"231\" height=\"154\" srcset=\"https:\/\/oberle-stiftung.de\/wp-content\/uploads\/2015\/09\/5.4.Roma-Fam-3-300x200.jpg 300w, https:\/\/oberle-stiftung.de\/wp-content\/uploads\/2015\/09\/5.4.Roma-Fam-3-1024x683.jpg 1024w\" sizes=\"auto, (max-width: 231px) 100vw, 231px\" \/><\/a>4. \u0150ry L\u00e1szl\u00f3 \u2013 Er ist Unternehmer, der aus einer Tischlerwerkstatt viel Holzabfall erwarb und zu zwei armen Familien transportierte. So haben wir Brennholz f\u00fcr zwei Familien billig erworben und ich habe den Kraftstoff, der f\u00fcr den Transport n\u00f6tig war, bezahlt.<\/p>\n<p style=\"text-align: justify;\">5.\u00a0 Bora\u00a0 Francisc \u00a0\u2013 Er wohnt in einem kleinen Dorf Namens Apa. Er hat ein augenkrankes Kind, das operiert werden soll. Er lebt von Gelegenheitsarbeiten und erzieht mit seiner Frau sechs Kinder.<\/p>\n<p style=\"text-align: justify;\">6.\u00a0 Berki Gizella\u00a0\u2013 Sie ist die Mutter mehrerer Kinder. Ich habe ihr bei der Zahlung der Wasserrechnung geholfen.<\/p>\n<p style=\"text-align: justify;\">7.\u00a0 Polg\u00e1r Kl\u00e1ra \u2013 Sie hat sieben Kinder. Ihr Mann hat die Familie verlassen. Die \u00e4lteste Tochter ist schon verheiratet und weggezogen, hat aber selbst wenig Geld. Kl\u00e1ra ist mit ihren anderen sechs Kindern alleine geblieben. Sie lebt von gelegentlichen Arbeiten. Ich habe ihr bei \u00a0der Zahlung der Stromrechnung geholfen.<\/p>\n<p style=\"text-align: justify;\">9.\u00a0 Bora\u00a0 Clara \u2013 Sie hat acht Kinder, die sie auch alleine erzieht. Die Familie lebt von\u00a0 Kindergeld\u00a0 und von einer geringen Hilfe vom\u00a0 Staat. Ich habe ihr bei der Bezahlung einer Arztrechnung geholfen.<\/p>\n","protected":false},"excerpt":{"rendered":"<p>Zur einfachen und direkten Abwicklung von individuellen Hilfsleistungen in Notsituationen stellt die Oberle-Stiftung auch einen laufenden Sozialfonds zur Verf\u00fcgung. Dies ist ein\u00a0 Angebot an pers\u00f6nlich bekannte Helfer vor Ort, die mit den heimischen Armutsverh\u00e4ltnissen vertraut sind, pers\u00f6nlich karitative Direkthilfen ehrenamtlich oder professionell organisieren k\u00f6nnen und dies engagiert tun.Die einzelnen Hilfsleistungen sind sehr vielf\u00e4ltig. Ein Beispiel &hellip; <a href=\"https:\/\/oberle-stiftung.de\/?page_id=744\" class=\"more-link\"><span class=\"screen-reader-text\">Aus der &#8218;Abrechnung&#8216; eines Einzelhilfefonds in Rum\u00e4nien<\/span> weiterlesen <span class=\"meta-nav\">&rarr;<\/span><\/a><\/p>\n","protected":false},"author":3,"featured_media":0,"parent":58,"menu_order":0,"comment_status":"closed","ping_status":"closed","template":"","meta":{"ngg_post_thumbnail":0,"footnotes":""},"categories":[38,19],"tags":[],"class_list":["post-744","page","type-page","status-publish","hentry","category-hilfen-fuer-einzelne-menschen","category-ost-europa"],"_links":{"self":[{"href":"https:\/\/oberle-stiftung.de\/index.php?rest_route=\/wp\/v2\/pages\/744","targetHints":{"allow":["GET"]}}],"collection":[{"href":"https:\/\/oberle-stiftung.de\/index.php?rest_route=\/wp\/v2\/pages"}],"about":[{"href":"https:\/\/oberle-stiftung.de\/index.php?rest_route=\/wp\/v2\/types\/page"}],"author":[{"embeddable":true,"href":"https:\/\/oberle-stiftung.de\/index.php?rest_route=\/wp\/v2\/users\/3"}],"replies":[{"embeddable":true,"href":"https:\/\/oberle-stiftung.de\/index.php?rest_route=%2Fwp%2Fv2%2Fcomments&post=744"}],"version-history":[{"count":29,"href":"https:\/\/oberle-stiftung.de\/index.php?rest_route=\/wp\/v2\/pages\/744\/revisions"}],"predecessor-version":[{"id":4006,"href":"https:\/\/oberle-stiftung.de\/index.php?rest_route=\/wp\/v2\/pages\/744\/revisions\/4006"}],"up":[{"embeddable":true,"href":"https:\/\/oberle-stiftung.de\/index.php?rest_route=\/wp\/v2\/pages\/58"}],"wp:attachment":[{"href":"https:\/\/oberle-stiftung.de\/index.php?rest_route=%2Fwp%2Fv2%2Fmedia&parent=744"}],"wp:term":[{"taxonomy":"category","embeddable":true,"href":"https:\/\/oberle-stiftung.de\/index.php?rest_route=%2Fwp%2Fv2%2Fcategories&post=744"},{"taxonomy":"post_tag","embeddable":true,"href":"https:\/\/oberle-stiftung.de\/index.php?rest_route=%2Fwp%2Fv2%2Ftags&post=744"}],"curies":[{"name":"wp","href":"https:\/\/api.w.org\/{rel}","templated":true}]}}