{"id":768,"date":"2020-09-08T21:35:43","date_gmt":"2020-09-08T21:35:43","guid":{"rendered":"http:\/\/oberle-stiftung.de\/?page_id=768"},"modified":"2022-04-21T14:20:18","modified_gmt":"2022-04-21T14:20:18","slug":"initiative-schluesselmensch","status":"publish","type":"page","link":"https:\/\/oberle-stiftung.de\/?page_id=768","title":{"rendered":"Initiative Schl\u00fcsselmensch"},"content":{"rendered":"<p style=\"text-align: left;\"><a href=\"http:\/\/oberle-stiftung.de\/wp-content\/uploads\/2015\/09\/DSC00789.jpg\"><img loading=\"lazy\" decoding=\"async\" class=\"alignright  wp-image-769\" src=\"http:\/\/oberle-stiftung.de\/wp-content\/uploads\/2015\/09\/DSC00789-150x150.jpg\" alt=\"DSC00789\" width=\"232\" height=\"232\"><\/a>Die Idee erscheint auf den ersten Blick recht einfach und erweist sich im Alltag als ungemein wirkungsvoll. Es geht um Kinder in Asylbewerberunterk\u00fcnften. Menschen, die nur selten in unseren Nachrichten vorkommen, und dann nur, wenn die Situation eskaliert&#8230; Ansonsten sind Fl\u00fcchtlinge meist unsichtbar, irgendwo untergebracht in Sammelunterk\u00fcnften am Stadtrand, ausgegrenzt, ohne Anschluss an das \u201enormale\u201c Leben .<br>Die Initiative &#8222;Schl\u00fcsselmensch&#8220; m\u00f6chte das \u00e4ndern &#8230;<!--more--><\/p>\n<p>Sie m\u00f6chte die Fl\u00fcchtlingskinder in die Mitte der Gesellschaft holen. Daf\u00fcr vermittelt Schl\u00fcsselmensch <strong>Patenschaften<\/strong>.&nbsp; Paten sind Studierende aus Freiburg, Patenkinder sind die Kinder aus Asylbewerberunterk\u00fcnften. Die Paten k\u00fcmmern sich um schulische Dinge, helfen beim Lernen und den Hausaufgaben. Sie gestalten gemeinsam die Freizeit, treiben Sport und machen Ausfl\u00fcge. F\u00fcr die Familien der Kinder werden die Paten zugleich eine wichtige Hilfe im Alltag, etwa bei Beh\u00f6rdenangelegenheiten oder Arztbesuchen.<br><a href=\"http:\/\/oberle-stiftung.de\/wp-content\/uploads\/2015\/09\/DSCF0030-1.jpg\"><img loading=\"lazy\" decoding=\"async\" class=\"alignleft  wp-image-770\" src=\"http:\/\/oberle-stiftung.de\/wp-content\/uploads\/2015\/09\/DSCF0030-1-204x300.jpg\" alt=\"DSCF0030 (1)\" width=\"159\" height=\"234\" srcset=\"https:\/\/oberle-stiftung.de\/wp-content\/uploads\/2015\/09\/DSCF0030-1-204x300.jpg 204w, https:\/\/oberle-stiftung.de\/wp-content\/uploads\/2015\/09\/DSCF0030-1-697x1024.jpg 697w\" sizes=\"auto, (max-width: 159px) 100vw, 159px\" \/><\/a>F\u00fcr alle Beteiligten geh\u00f6rt eine ganz sch\u00f6ne Portion Mut dazu, die erste gro\u00dfe Schwelle zu \u00fcberwinden und mit ganz fremden Menschen in Kontakt zu kommen, deren Sprache man unter Umst\u00e4nden nicht&nbsp; beherrscht und deren rechtliche Situation unklar ist.<br>F\u00fcr die Fl\u00fcchtlinge selbst &#8211; oft traumatisiert &#8211; ist es mindestens genauso schwer, Vertrauen aufzubauen. Viele&nbsp; haben in der Vergangenheit&nbsp; mit angeblichen \u201eHelfern\u201c&nbsp; nicht nur gute Erfahrungen gemacht. Schlie\u00dflich vertrauen die Fl\u00fcchtlingsfamilien den Paten ihre Kinder an.<br>Die ehrenamtlich arbeitenden Patinnen verbringen jede Woche einige Stunden mit ihrer Patenschaft. Sie sind f\u00fcr die Patenkinder gleichzeitig Ansprechpartnerin, Vorbild, Lehrerin und Freundin. Neben Freizeitgestaltung z.B. Spielplatz, Kino, Fu\u00dfball, &#8230; helfen die Patinnen vor allem&nbsp; im schulischen Bereich, oder helfen bei Bedarf auch den Familienmitgliedern bei beh\u00f6rdlichen Schreiben oder Arztbesuchen.<br>Durch Unterst\u00fctzung der Patinnen k\u00f6nnen sich f\u00fcr Fl\u00fcchtlingskinder regelrecht neue Welten er\u00f6ffnen:<br>Elvis zum Beispiel konnte in den \u00f6rtlichen Fu\u00dfballverein integriert werden und spielt dort leidenschaftlich als St\u00fcrmer. Denis konnte von der F\u00f6rder- auf&nbsp; die&nbsp; Hauptschule wechseln.<br>Ariana hat durch ihre Patenschaft nahezu perfekt deutsch gelernt und das in k\u00fcrzester Zeit. Ein anderes M\u00e4dchen, Laura, konnte von der Sammelklasse in die 2. Klasse der Grundschule wechseln.<br><a href=\"http:\/\/oberle-stiftung.de\/wp-content\/uploads\/2015\/09\/Initiative-Schluesselmensch-Schwimmkurs-Kornacker-Heike.jpg\"><img loading=\"lazy\" decoding=\"async\" class=\" wp-image-2079 alignright\" src=\"http:\/\/oberle-stiftung.de\/wp-content\/uploads\/2015\/09\/Initiative-Schluesselmensch-Schwimmkurs-Kornacker-Heike-300x294.jpg\" alt=\"OLYMPUS DIGITAL CAMERA\" width=\"239\" height=\"234\" srcset=\"https:\/\/oberle-stiftung.de\/wp-content\/uploads\/2015\/09\/Initiative-Schluesselmensch-Schwimmkurs-Kornacker-Heike-300x294.jpg 300w, https:\/\/oberle-stiftung.de\/wp-content\/uploads\/2015\/09\/Initiative-Schluesselmensch-Schwimmkurs-Kornacker-Heike.jpg 1000w\" sizes=\"auto, (max-width: 239px) 100vw, 239px\" \/><\/a>Besonders beliebt bei den w\u00f6chentlichen Unternehmungen sind Schwimmbadbesuche.<br>Mit Unterst\u00fctzung der Oberle Stiftung und in Zusammenarbeit mit der DLRG k\u00f6nnen Schwimmkurse angeboten werden.<br>Inzwischen haben ein paar Kinder schon das \u201eSeepferdchen\u201c gemacht.<br><br>Die Kinder, Familien und deren Paten sind in solchen Momenten alle gleicherma\u00dfen stolz:<br>\u201eDas sind Momente, die mit keinem Geld der Welt bezahlt werden k\u00f6nnen\u201c, so eine Patin.<br>Dieses ehrenamtliche Engagement von Studierenden unterst\u00fctzen wir als Oberle Stiftung sehr gerne. Wir arbeiten nun schon seit 2012 mit der Initiative Schl\u00fcsselmensch zusammen und freuen uns auf viele weitere Jahre.&nbsp;<br><br><a href=\"https:\/\/www.badische-zeitung.de\/freiburger-initiative-schluesselmensch-erhaelt-den-jugend-friedenspreis--75901828.html\" target=\"_blank\" rel=\"noopener\">Initiative Schl\u00fcsselmensch erh\u00e4lt den Jugend-Friedenspreis <\/a><\/p>\n\n","protected":false},"excerpt":{"rendered":"<p>Die Idee erscheint auf den ersten Blick recht einfach und erweist sich im Alltag als ungemein wirkungsvoll. Es geht um Kinder in Asylbewerberunterk\u00fcnften. Menschen, die nur selten in unseren Nachrichten vorkommen, und dann nur, wenn die Situation eskaliert&#8230; Ansonsten sind Fl\u00fcchtlinge meist unsichtbar, irgendwo untergebracht in Sammelunterk\u00fcnften am Stadtrand, ausgegrenzt, ohne Anschluss an das \u201enormale\u201c &hellip; <a href=\"https:\/\/oberle-stiftung.de\/?page_id=768\" class=\"more-link\"><span class=\"screen-reader-text\">Initiative Schl\u00fcsselmensch<\/span> weiterlesen <span class=\"meta-nav\">&rarr;<\/span><\/a><\/p>\n","protected":false},"author":3,"featured_media":0,"parent":58,"menu_order":0,"comment_status":"closed","ping_status":"closed","template":"","meta":{"ngg_post_thumbnail":0,"footnotes":""},"categories":[36,35,21],"tags":[],"class_list":["post-768","page","type-page","status-publish","hentry","category-hilfen-fuer-fluechtlinge","category-hilfen-fuer-kinder-u-jugendliche","category-region-freiburg"],"_links":{"self":[{"href":"https:\/\/oberle-stiftung.de\/index.php?rest_route=\/wp\/v2\/pages\/768","targetHints":{"allow":["GET"]}}],"collection":[{"href":"https:\/\/oberle-stiftung.de\/index.php?rest_route=\/wp\/v2\/pages"}],"about":[{"href":"https:\/\/oberle-stiftung.de\/index.php?rest_route=\/wp\/v2\/types\/page"}],"author":[{"embeddable":true,"href":"https:\/\/oberle-stiftung.de\/index.php?rest_route=\/wp\/v2\/users\/3"}],"replies":[{"embeddable":true,"href":"https:\/\/oberle-stiftung.de\/index.php?rest_route=%2Fwp%2Fv2%2Fcomments&post=768"}],"version-history":[{"count":21,"href":"https:\/\/oberle-stiftung.de\/index.php?rest_route=\/wp\/v2\/pages\/768\/revisions"}],"predecessor-version":[{"id":4680,"href":"https:\/\/oberle-stiftung.de\/index.php?rest_route=\/wp\/v2\/pages\/768\/revisions\/4680"}],"up":[{"embeddable":true,"href":"https:\/\/oberle-stiftung.de\/index.php?rest_route=\/wp\/v2\/pages\/58"}],"wp:attachment":[{"href":"https:\/\/oberle-stiftung.de\/index.php?rest_route=%2Fwp%2Fv2%2Fmedia&parent=768"}],"wp:term":[{"taxonomy":"category","embeddable":true,"href":"https:\/\/oberle-stiftung.de\/index.php?rest_route=%2Fwp%2Fv2%2Fcategories&post=768"},{"taxonomy":"post_tag","embeddable":true,"href":"https:\/\/oberle-stiftung.de\/index.php?rest_route=%2Fwp%2Fv2%2Ftags&post=768"}],"curies":[{"name":"wp","href":"https:\/\/api.w.org\/{rel}","templated":true}]}}