{"id":779,"date":"2015-09-08T22:21:45","date_gmt":"2015-09-08T22:21:45","guid":{"rendered":"http:\/\/oberle-stiftung.de\/?page_id=779"},"modified":"2023-10-12T09:26:45","modified_gmt":"2023-10-12T09:26:45","slug":"kick-for-girls-fairbindet","status":"publish","type":"page","link":"https:\/\/oberle-stiftung.de\/?page_id=779","title":{"rendered":"Kick for Girls fairbindet"},"content":{"rendered":"<p style=\"text-align: justify;\"><a href=\"http:\/\/oberle-stiftung.de\/wp-content\/uploads\/2015\/09\/P6271213.jpg\"><img loading=\"lazy\" decoding=\"async\" class=\"size-thumbnail wp-image-781 alignright\" src=\"http:\/\/oberle-stiftung.de\/wp-content\/uploads\/2015\/09\/P6271213-150x150.jpg\" alt=\"OLYMPUS DIGITAL CAMERA\" width=\"150\" height=\"150\"><\/a>Dr\u00fcben in Lateinamerika kickt sich die Nationalelf nach oben und hier, im Freiburger Hexenkessel, kicken sich&nbsp; die Fu\u00dfballm\u00e4dchen in die Herzen der Zuschauer. Strahlende Augen, herzliches Lachen, anfeuernde Rufe! \u201eMelina, lauf! Achtung links, Ayse!\u201c, Melanie aus Freiburg feuert ihre Mitsch\u00fclerinnen an. Die eine kommt urspr\u00fcnglich aus Griechenland, die andere hat t\u00fcrkische Wurzeln. Hier spielt das keine Rolle. Es kicken M\u00e4dchen aus Rum\u00e4nien, Mazedonien, Albanien, Serbien, Irak, Russland, Italien und nat\u00fcrlich aus Deutschland ganz selbstverst\u00e4ndlich miteinander&#8230; <!--more--><\/p>\n<p style=\"text-align: justify;\">Auch dass die M\u00e4dchen&nbsp; aus unterschiedlichen Schulrichtungen kommen,&nbsp; ist Nebensache. Alles was z\u00e4hlt ist das gemeinsame Spiel! Auf den Kleinfeldern ist einiges geboten,&nbsp; Jedermann und Jedefrau wird zum Fan dieser mitrei\u00dfenden Elf. Unm\u00f6glich, sich der Begeisterung zu entziehen! Beim f\u00fcnften Fu\u00dfballfest unter dem Motto \u201eM\u00e4dchenfu\u00dfball FAIRbindet Schule &amp; Verein\u201c kommen Teams und Fans bei brasilianischen Temperaturen so richtig ins Schwitzen.<\/p>\n<p style=\"text-align: justify;\"><a href=\"http:\/\/oberle-stiftung.de\/wp-content\/uploads\/2015\/09\/kick-for-girls-turnier_2013_13-770x400_klein.jpg\"><img loading=\"lazy\" decoding=\"async\" class=\"alignleft size-medium wp-image-780\" src=\"http:\/\/oberle-stiftung.de\/wp-content\/uploads\/2015\/09\/kick-for-girls-turnier_2013_13-770x400_klein-300x156.jpg\" alt=\"kick for girls turnier_2013_13-770x400_klein\" width=\"300\" height=\"156\" srcset=\"https:\/\/oberle-stiftung.de\/wp-content\/uploads\/2015\/09\/kick-for-girls-turnier_2013_13-770x400_klein-300x156.jpg 300w, https:\/\/oberle-stiftung.de\/wp-content\/uploads\/2015\/09\/kick-for-girls-turnier_2013_13-770x400_klein.jpg 770w\" sizes=\"auto, (max-width: 300px) 100vw, 300px\" \/><\/a>Dem gro\u00dfen Fu\u00dfballevent&nbsp; fiebern viele&nbsp; schon Monate vorher entgegen. Dieses Jahr hatten die hohen Anmeldezahlen die Erwartungen bereits im Voraus \u00fcbertroffen.&nbsp; \u201eF\u00fcr die M\u00e4dchen ist schon sch\u00f6n, dass es nun einmal die Jungs sind, die ihnen beim Kicken zuschauen!\u201c berichtet eine Betreuerin der Pestalozzi-Realschule. Bei so vielen Jugendlichen, Familien und Fans k\u00f6nnte man meinen, dass es ein regelrechtes Chaos sein m\u00fcsste. Doch weit gefehlt! Entspannt f\u00fchren Maria Greshake vom kick-Team und Maximilian Sander vom Team des Polizei-Sport-Vereins durch den Tag: \u201eDrei, Zwei, Eins\u201d: Ein Pfiff \u2013 und los geht es auf allen f\u00fcnf Feldern mit zw\u00f6lf Minuten M\u00e4dchenfu\u00dfball pur. Damit die Stimmung bei der Hitze nicht leidet und vor allem&nbsp; damit die M\u00e4dchen nicht umkippen, daf\u00fcr sorgen fleissige Unterst\u00fctzer: Es gibt gek\u00fchlte Getr\u00e4nke, Obst und f\u00fcr das leibliche Wohl ist mit leckeren Speisen gesorgt.<br \/>\n<a href=\"http:\/\/oberle-stiftung.de\/wp-content\/uploads\/2015\/09\/turnier_2013_07-770x400_klein.jpg\"><img loading=\"lazy\" decoding=\"async\" class=\"alignright size-medium wp-image-782\" src=\"http:\/\/oberle-stiftung.de\/wp-content\/uploads\/2015\/09\/turnier_2013_07-770x400_klein-300x156.jpg\" alt=\"turnier_2013_07-770x400_klein\" width=\"300\" height=\"156\" srcset=\"https:\/\/oberle-stiftung.de\/wp-content\/uploads\/2015\/09\/turnier_2013_07-770x400_klein-300x156.jpg 300w, https:\/\/oberle-stiftung.de\/wp-content\/uploads\/2015\/09\/turnier_2013_07-770x400_klein.jpg 770w\" sizes=\"auto, (max-width: 300px) 100vw, 300px\" \/><\/a>Die Stimmung ist bombastisch! \u201eBesser als die WM\u201c, \u00e4u\u00dfert sich die Mutter von Lotte, einer Grundsch\u00fclerin aus der&nbsp; Fu\u00dfball-AG der Vigelius-Schule. Und auch von den Akteurinnen selbst f\u00e4ngt man Aufregung und Spielfreude ein: \u201eUm 11.30 Uhr habe ich ein Spiel\u201c, h\u00f6re ich ein M\u00e4dchen sagen. Kurz vor Spielanpfiff&nbsp; dann die aufgeregten Worte: \u201eMein Herz klopft.\u201c<\/p>\n<p style=\"text-align: justify;\">Doch beim M\u00e4dchenfu\u00dfballtag von kick for girls geht es um mehr als nur Tore.&nbsp; Die Fu\u00dfballerinnen erleben Freude, Anerkennung und Zugeh\u00f6rigkeit, erweitern selbstbewusst ihre Bewegungsr\u00e4ume und kn\u00fcpfen neue Kontakte. Kontakte zu M\u00e4dchen anderer Kulturen und anderer Schulen. Und nicht umsonst fairbindet dieses M\u00e4dchenfu\u00dfball-Fest.<\/p>\n<p style=\"text-align: justify;\">Am Schlu\u00df&nbsp; der Gesamtveranstaltung&nbsp; schaut ein \u00dcberraschungsgast vorbei, den ganz Freiburg aus dem Stadion und\/oder aus dem Fernsehen kennt: Das SC-F\u00fcchsle findet heute einmal den Weg zu den jungen Fu\u00dfballerinnen anststatt&nbsp; zu den Herren-Profis in der Schwarzwaldstra\u00dfe. Nat\u00fcrlich wirkt das F\u00fcchsle besonders magnetisch auf alle Teilnehmerinnen\u2026<\/p>\n<p style=\"text-align: justify;\"><a href=\"http:\/\/oberle-stiftung.de\/wp-content\/uploads\/2015\/09\/turnier_2013_79-300x200_Klein.jpg\"><img loading=\"lazy\" decoding=\"async\" class=\"alignleft size-medium wp-image-783\" src=\"http:\/\/oberle-stiftung.de\/wp-content\/uploads\/2015\/09\/turnier_2013_79-300x200_Klein-300x200.jpg\" alt=\"turnier_2013_79-300x200_Klein\" width=\"300\" height=\"200\"><\/a>Dass der diesj\u00e4hrige M\u00e4dchenfu\u00dfballtag zu einer derart gro\u00dfen Veranstaltung werden konnte, ist insbesondere der Zusammenarbeit des kick for girls-Projektes unter Organisatorin Magdalena Schnurr sowie&nbsp; des Fu\u00dfballvereins Polizei-Sport-Verein Freiburg unter Organisatorin Martina N\u00fcbling zu verdanken. \u201eIch bin begeistert von der Zusammenarbeit\u201c, res\u00fcmiert Antonia Pahl, M\u00e4dchentrainerin beim PSV und zweite Hand von Martina N\u00fcbling.<\/p>\n<p style=\"text-align: justify;\">Besonderer Dank gilt den Stiftungen des Lokalen Stiftungsverbunds, die kontinuierlich f\u00fcr die nachhaltige finanzielle Sicherung des Projekts sorgen \u2013 Freiburger B\u00fcrgerstiftung, Ida- und-Otto-Chelius-Stiftung, Sparkassenstiftungen Freiburg, step stiftung, Waisenhausstiftung, Thomas Staebe-Stiftung, Wir helfen Kindern e.V. und der Wilhelm Oberle Stiftung.<\/p>\n<p style=\"text-align: justify;\">direkt zum Projekt&nbsp;<strong><a href=\"http:\/\/kick-for-girls.de\/WP\/\" target=\"_blank\" rel=\"noopener\">kick for girls<\/a><br \/>\n<a href=\"https:\/\/www.badische-zeitung.de\/juliane-baumgartner-zugehoerigkeit-erleben--61332511.html\" target=\"_blank\" rel=\"noopener\">Zum Artikel der Badischen Zeitung vom 06.07.2012<\/a><br \/>\n<\/strong><\/p>\n","protected":false},"excerpt":{"rendered":"<p>Dr\u00fcben in Lateinamerika kickt sich die Nationalelf nach oben und hier, im Freiburger Hexenkessel, kicken sich&nbsp; die Fu\u00dfballm\u00e4dchen in die Herzen der Zuschauer. Strahlende Augen, herzliches Lachen, anfeuernde Rufe! \u201eMelina, lauf! Achtung links, Ayse!\u201c, Melanie aus Freiburg feuert ihre Mitsch\u00fclerinnen an. Die eine kommt urspr\u00fcnglich aus Griechenland, die andere hat t\u00fcrkische Wurzeln. Hier spielt das &hellip; <a href=\"https:\/\/oberle-stiftung.de\/?page_id=779\" class=\"more-link\"><span class=\"screen-reader-text\">Kick for Girls fairbindet<\/span> weiterlesen <span class=\"meta-nav\">&rarr;<\/span><\/a><\/p>\n","protected":false},"author":3,"featured_media":0,"parent":58,"menu_order":0,"comment_status":"closed","ping_status":"closed","template":"","meta":{"ngg_post_thumbnail":0,"footnotes":""},"categories":[35,21],"tags":[],"class_list":["post-779","page","type-page","status-publish","hentry","category-hilfen-fuer-kinder-u-jugendliche","category-region-freiburg"],"_links":{"self":[{"href":"https:\/\/oberle-stiftung.de\/index.php?rest_route=\/wp\/v2\/pages\/779","targetHints":{"allow":["GET"]}}],"collection":[{"href":"https:\/\/oberle-stiftung.de\/index.php?rest_route=\/wp\/v2\/pages"}],"about":[{"href":"https:\/\/oberle-stiftung.de\/index.php?rest_route=\/wp\/v2\/types\/page"}],"author":[{"embeddable":true,"href":"https:\/\/oberle-stiftung.de\/index.php?rest_route=\/wp\/v2\/users\/3"}],"replies":[{"embeddable":true,"href":"https:\/\/oberle-stiftung.de\/index.php?rest_route=%2Fwp%2Fv2%2Fcomments&post=779"}],"version-history":[{"count":12,"href":"https:\/\/oberle-stiftung.de\/index.php?rest_route=\/wp\/v2\/pages\/779\/revisions"}],"predecessor-version":[{"id":5053,"href":"https:\/\/oberle-stiftung.de\/index.php?rest_route=\/wp\/v2\/pages\/779\/revisions\/5053"}],"up":[{"embeddable":true,"href":"https:\/\/oberle-stiftung.de\/index.php?rest_route=\/wp\/v2\/pages\/58"}],"wp:attachment":[{"href":"https:\/\/oberle-stiftung.de\/index.php?rest_route=%2Fwp%2Fv2%2Fmedia&parent=779"}],"wp:term":[{"taxonomy":"category","embeddable":true,"href":"https:\/\/oberle-stiftung.de\/index.php?rest_route=%2Fwp%2Fv2%2Fcategories&post=779"},{"taxonomy":"post_tag","embeddable":true,"href":"https:\/\/oberle-stiftung.de\/index.php?rest_route=%2Fwp%2Fv2%2Ftags&post=779"}],"curies":[{"name":"wp","href":"https:\/\/api.w.org\/{rel}","templated":true}]}}