{"id":817,"date":"2015-09-09T15:11:53","date_gmt":"2015-09-09T15:11:53","guid":{"rendered":"http:\/\/oberle-stiftung.de\/?page_id=817"},"modified":"2020-08-25T14:01:58","modified_gmt":"2020-08-25T14:01:58","slug":"kindergartenbesuch-fuer-besonders-arme","status":"publish","type":"page","link":"https:\/\/oberle-stiftung.de\/?page_id=817","title":{"rendered":"&#8222;Stipendien&#8220; f\u00fcr einen ugandischen Kindergarten"},"content":{"rendered":"<p style=\"text-align: justify;\"><a href=\"http:\/\/oberle-stiftung.de\/wp-content\/uploads\/2015\/09\/KiGa-Uganda-DSC_0110.jpg\"><img loading=\"lazy\" decoding=\"async\" class=\"size-thumbnail wp-image-821 alignright\" src=\"http:\/\/oberle-stiftung.de\/wp-content\/uploads\/2015\/09\/KiGa-Uganda-DSC_0110-150x150.jpg\" alt=\"????????????????????????????????????\" width=\"150\" height=\"150\" \/><\/a>Das Kindergartenjahr in Uganda beginnt am Jahresanfang und endet mit einer <strong>Pr\u00fcfung<\/strong> (!) am Jahresende.<br \/>\nDer Kindergartenbesuch in Uganda ist kostenpflichtig.<br \/>\nZwar scheint der Preis mit 10 Euro pro Term, also 30 Euro pro Jahr inklusive Pausenverpflegung sehr human. Aber nicht f\u00fcr alle!<br \/>\nAnfang 2012 waren 75 Kinder angemeldet. Doch am Jahresende waren es nur noch 62 &#8230;<\/p>\n<p style=\"text-align: justify;\"><!--more--><br \/>\nDie Sozialarbeiterin besuchte die Familien, deren Kinder nicht mehr in den Kindergarten kamen:<\/p>\n<p style=\"text-align: justify;\"><a href=\"http:\/\/oberle-stiftung.de\/wp-content\/uploads\/2015\/09\/uganda-1730.jpg\"><img loading=\"lazy\" decoding=\"async\" class=\"alignleft  wp-image-799\" src=\"http:\/\/oberle-stiftung.de\/wp-content\/uploads\/2015\/09\/uganda-1730-225x300.jpg\" alt=\"uganda 1730\" width=\"254\" height=\"339\" srcset=\"https:\/\/oberle-stiftung.de\/wp-content\/uploads\/2015\/09\/uganda-1730-225x300.jpg 225w, https:\/\/oberle-stiftung.de\/wp-content\/uploads\/2015\/09\/uganda-1730-768x1024.jpg 768w, https:\/\/oberle-stiftung.de\/wp-content\/uploads\/2015\/09\/uganda-1730.jpg 1920w\" sizes=\"auto, (max-width: 254px) 100vw, 254px\" \/><\/a>Hier ein paar Beispiele.<\/p>\n<ul style=\"text-align: justify;\">\n<li>Ein Kind kommt aus einer Gro\u00dffamilie. Als ein Geschwisterkind in die Oberschule aufgenommen wurde, war f\u00fcr den Kindergarten kein Geld mehr da.<\/li>\n<\/ul>\n<ul style=\"text-align: justify;\">\n<li>Ein Kind ist HIV positiv, ebenso beide Elternteile. Die kranken Eltern tun sich schwer, mit Kleinhandel das n\u00f6tige Geld zum \u00dcberleben zu erwirtschaften.<\/li>\n<\/ul>\n<ul style=\"text-align: justify;\">\n<li>Ein Kind verlor w\u00e4hrend des Jahres beide Eltern und lebt nun bei seinem 70j\u00e4hrigen Gro\u00dfvater, der\u00a0 die Kindergartengeb\u00fchr nicht aufbringen kann.<\/li>\n<\/ul>\n<ul style=\"text-align: justify;\">\n<li>Ein Kind ist behindert und lebt mit seinen Eltern auf einem sehr kleinen St\u00fcck Land. Sie konnten sich nur einen &#8218;Term&#8216;\u00a0 Kindergartenbesuch leisten.<\/li>\n<\/ul>\n<p style=\"text-align: justify;\">Wir finanzierten f\u00fcnf besonders armen Kindern den Kindergartenbesuch.<\/p>\n<p style=\"text-align: justify;\">Kosten pro Kind und Jahr:\u00a0 50,- Euro<br \/>\ninklusive Betreuung durch die Sozialarbeiterin!<\/p>\n<p style=\"text-align: justify;\">direkt zu unserem Projektpartner in Uganda\u00a0<a href=\"https:\/\/www.tukolere-wamu.de\/w\/\" target=\"_blank\">\u00a0<strong>Tukolere Wamu e.V.<\/strong><\/a><\/p>\n","protected":false},"excerpt":{"rendered":"<p>Das Kindergartenjahr in Uganda beginnt am Jahresanfang und endet mit einer Pr\u00fcfung (!) am Jahresende. Der Kindergartenbesuch in Uganda ist kostenpflichtig. Zwar scheint der Preis mit 10 Euro pro Term, also 30 Euro pro Jahr inklusive Pausenverpflegung sehr human. Aber nicht f\u00fcr alle! Anfang 2012 waren 75 Kinder angemeldet. Doch am Jahresende waren es nur &hellip; <a href=\"https:\/\/oberle-stiftung.de\/?page_id=817\" class=\"more-link\"><span class=\"screen-reader-text\">&#8222;Stipendien&#8220; f\u00fcr einen ugandischen Kindergarten<\/span> weiterlesen <span class=\"meta-nav\">&rarr;<\/span><\/a><\/p>\n","protected":false},"author":3,"featured_media":0,"parent":58,"menu_order":0,"comment_status":"closed","ping_status":"closed","template":"","meta":{"ngg_post_thumbnail":0,"footnotes":""},"categories":[35,18],"tags":[],"class_list":["post-817","page","type-page","status-publish","hentry","category-hilfen-fuer-kinder-u-jugendliche","category-ost-afrika"],"_links":{"self":[{"href":"https:\/\/oberle-stiftung.de\/index.php?rest_route=\/wp\/v2\/pages\/817","targetHints":{"allow":["GET"]}}],"collection":[{"href":"https:\/\/oberle-stiftung.de\/index.php?rest_route=\/wp\/v2\/pages"}],"about":[{"href":"https:\/\/oberle-stiftung.de\/index.php?rest_route=\/wp\/v2\/types\/page"}],"author":[{"embeddable":true,"href":"https:\/\/oberle-stiftung.de\/index.php?rest_route=\/wp\/v2\/users\/3"}],"replies":[{"embeddable":true,"href":"https:\/\/oberle-stiftung.de\/index.php?rest_route=%2Fwp%2Fv2%2Fcomments&post=817"}],"version-history":[{"count":16,"href":"https:\/\/oberle-stiftung.de\/index.php?rest_route=\/wp\/v2\/pages\/817\/revisions"}],"predecessor-version":[{"id":2912,"href":"https:\/\/oberle-stiftung.de\/index.php?rest_route=\/wp\/v2\/pages\/817\/revisions\/2912"}],"up":[{"embeddable":true,"href":"https:\/\/oberle-stiftung.de\/index.php?rest_route=\/wp\/v2\/pages\/58"}],"wp:attachment":[{"href":"https:\/\/oberle-stiftung.de\/index.php?rest_route=%2Fwp%2Fv2%2Fmedia&parent=817"}],"wp:term":[{"taxonomy":"category","embeddable":true,"href":"https:\/\/oberle-stiftung.de\/index.php?rest_route=%2Fwp%2Fv2%2Fcategories&post=817"},{"taxonomy":"post_tag","embeddable":true,"href":"https:\/\/oberle-stiftung.de\/index.php?rest_route=%2Fwp%2Fv2%2Ftags&post=817"}],"curies":[{"name":"wp","href":"https:\/\/api.w.org\/{rel}","templated":true}]}}