{"id":914,"date":"2015-09-11T11:01:02","date_gmt":"2015-09-11T11:01:02","guid":{"rendered":"http:\/\/oberle-stiftung.de\/?page_id=914"},"modified":"2023-10-30T14:59:10","modified_gmt":"2023-10-30T14:59:10","slug":"schulgaerten-gegen-den-hunger","status":"publish","type":"page","link":"https:\/\/oberle-stiftung.de\/?page_id=914","title":{"rendered":"Schulg\u00e4rten gegen den Hunger"},"content":{"rendered":"<p style=\"text-align: justify;\"><a href=\"http:\/\/oberle-stiftung.de\/wp-content\/uploads\/2015\/09\/p79_tusome_007.jpg\"><img loading=\"lazy\" decoding=\"async\" class=\"alignright size-thumbnail wp-image-918\" src=\"http:\/\/oberle-stiftung.de\/wp-content\/uploads\/2015\/09\/p79_tusome_007-150x150.jpg\" alt=\"p79_tusome_007\" width=\"150\" height=\"150\"><\/a>Auch in&nbsp; Uganda herrscht Schulpflicht.&nbsp; Bei Besuchen in Schulen f\u00e4llt jedoch auf, dass die unteren Klassen v\u00f6llig&nbsp; \u00fcberf\u00fcllt sind, w\u00e4hrend die oberen Klassen mit weit weniger Sch\u00fclern belegt sind. Allen Ausreden der Rektoren zum Trotz (die Sch\u00fcler w\u00fcrden zu anderen Schulen wechseln\u2026) gingen unsere ugandischen Projektpartner der Frage nach \u201ewo sind die 5., 6. und 7. Kl\u00e4ssler?\u201c Das Ergebnis best\u00e4tigte unsere Vermutung, dass es sich um Schulabbrecher handelt&#8230;<\/p>\n<p style=\"text-align: justify;\"><!--more--><\/p>\n<p style=\"text-align: justify;\">In den l\u00e4ndlichen Gebieten Ugandas erreichen bis zu 75 % der Kinder den eigentlichen Primarschulabschluss in Klasse 7 nicht. Einige brechen schon in den unteren Klassen ab.<br \/>\nAuf der Suche nach den Gr\u00fcnden kam Folgendes zutage:<\/p>\n<p style=\"text-align: justify;\"><a href=\"http:\/\/oberle-stiftung.de\/wp-content\/uploads\/2015\/09\/uganda-1730.jpg\"><img loading=\"lazy\" decoding=\"async\" class=\"alignleft  wp-image-799\" src=\"http:\/\/oberle-stiftung.de\/wp-content\/uploads\/2015\/09\/uganda-1730-225x300.jpg\" alt=\"uganda 1730\" width=\"167\" height=\"223\" srcset=\"https:\/\/oberle-stiftung.de\/wp-content\/uploads\/2015\/09\/uganda-1730-225x300.jpg 225w, https:\/\/oberle-stiftung.de\/wp-content\/uploads\/2015\/09\/uganda-1730-768x1024.jpg 768w, https:\/\/oberle-stiftung.de\/wp-content\/uploads\/2015\/09\/uganda-1730.jpg 1920w\" sizes=\"auto, (max-width: 167px) 100vw, 167px\" \/><\/a>Die Klassen sind teilweise so \u00fcberf\u00fcllt, dass Kinder nach drei oder vier Schuljahren noch nicht einmal ihren Namen schreiben oder einfache Rechnungen t\u00e4tigen k\u00f6nnen und lieber zu Hause bleiben.<\/p>\n<p style=\"text-align: justify;\">Andere m\u00fcssen zu Hause helfen. M\u00e4dchen k\u00f6nnen sich w\u00e4hrend ihrer Periode nicht ad\u00e4quat versorgen, haben so viele Fehltage,&nbsp; die irgendwann zum kompletten Fernbleiben f\u00fchren.<\/p>\n<p style=\"text-align: justify;\">Aber der Hauptgrund f\u00fcr Schulabbrecher ist einfach der Hunger. Die meisten Kinder kommen ohne Fr\u00fchst\u00fcck zur Schule, haben keine Mittagsverpflegung dabei und \u00fcberstehen den Schultag, der ab Klasse drei bis in den Nachmittag geht, dann kaum.<\/p>\n<p style=\"text-align: justify;\">Gemeinsam mit Elternkomitees und Schulleitungen entstand schlie\u00dflich das sog. \u201eTusome-Programm\u201c. Inzwischen profitieren 12 Schulen, also ca. 12.000 Sch\u00fcler, davon:<\/p>\n<p style=\"text-align: justify;\"><a href=\"http:\/\/oberle-stiftung.de\/wp-content\/uploads\/2015\/09\/030.jpg\"><img loading=\"lazy\" decoding=\"async\" class=\"alignright size-medium wp-image-915\" src=\"http:\/\/oberle-stiftung.de\/wp-content\/uploads\/2015\/09\/030-300x200.jpg\" alt=\"030\" width=\"300\" height=\"200\" srcset=\"https:\/\/oberle-stiftung.de\/wp-content\/uploads\/2015\/09\/030-300x200.jpg 300w, https:\/\/oberle-stiftung.de\/wp-content\/uploads\/2015\/09\/030-1024x683.jpg 1024w\" sizes=\"auto, (max-width: 300px) 100vw, 300px\" \/><\/a>Jede Schule erhielt 1 Paar Pflugochsen, Pflug, Geschirr und einen Klassensatz Hacken, teilweise auch Saatgut. Die Sch\u00fcler werden ohnehin im Fach Landwirtschaft unterrichtet. Nun findet dies praktisch statt.<\/p>\n<p style=\"text-align: justify;\">Meist wurde zun\u00e4chst nur Mais angebaut, doch inzwischen wachsen auch Bohnen, S\u00fc\u00dfkartoffeln und Gem\u00fcse in den Schulg\u00e4rten.<\/p>\n<p style=\"text-align: justify;\"><a href=\"http:\/\/oberle-stiftung.de\/wp-content\/uploads\/2015\/09\/DSCF7415kl-3.jpg\"><img loading=\"lazy\" decoding=\"async\" class=\"alignleft size-medium wp-image-917\" src=\"http:\/\/oberle-stiftung.de\/wp-content\/uploads\/2015\/09\/DSCF7415kl-3-300x200.jpg\" alt=\"DSCF7415kl (3)\" width=\"300\" height=\"200\" srcset=\"https:\/\/oberle-stiftung.de\/wp-content\/uploads\/2015\/09\/DSCF7415kl-3-300x200.jpg 300w, https:\/\/oberle-stiftung.de\/wp-content\/uploads\/2015\/09\/DSCF7415kl-3.jpg 1024w\" sizes=\"auto, (max-width: 300px) 100vw, 300px\" \/><\/a><\/p>\n<p style=\"text-align: justify;\">Im Fr\u00fchjahr 2010 begannen die ersten Schulen mit Pfl\u00fcgen und S\u00e4en, im November konnte ich wieder in Uganda sein und eine Schule besuchen: Ganze 1000 Kinder strahlten mich an. In der Pause genossen sie den Brei aus ihren mitgebrachten Plastiktassen, mittags gab es Posho, einen festen Maisstampf und Bohnen.<br \/>\nMittlerweile konnten wir an den Schulen auch sog. &#8222;Einkommen schaffende Ma\u00dfnahmen&#8220; finanzieren. So z. B. einen Plastikstuhl- oder Pavillonverleih. So k\u00f6nnen Einnahmen erzeugt werden und wenn mal nicht so viele Bohnen wachsen, kann zugekauft werden.<br \/>\nWeiter geht\u2019s mit dem Bau von energiesparenden Herden und dem Pflanzen von Schulw\u00e4ldern &#8230;<br \/>\nSo kann auch der Entwaldung mit allen Konsequenzen wie Erosion, Erdrutschen und Klimawandel ein bi\u00dfchen entgegengewirkt werden.<\/p>\n<p style=\"text-align: justify;\"><a href=\"http:\/\/oberle-stiftung.de\/wp-content\/uploads\/2015\/09\/Weihnachtspost.jpg\"><img loading=\"lazy\" decoding=\"async\" class=\"size-large wp-image-920\" src=\"http:\/\/oberle-stiftung.de\/wp-content\/uploads\/2015\/09\/Weihnachtspost-1024x680.jpg\" alt=\"Kinder des Tusome Projkektes, Uganda\" width=\"604\" height=\"401\" srcset=\"https:\/\/oberle-stiftung.de\/wp-content\/uploads\/2015\/09\/Weihnachtspost-1024x680.jpg 1024w, https:\/\/oberle-stiftung.de\/wp-content\/uploads\/2015\/09\/Weihnachtspost-300x199.jpg 300w, https:\/\/oberle-stiftung.de\/wp-content\/uploads\/2015\/09\/Weihnachtspost.jpg 1535w\" sizes=\"auto, (max-width: 604px) 100vw, 604px\" \/><\/a><\/p>\n<p style=\"text-align: justify;\">Kinder des Tusome Projektes, Uganda<\/p>\n<p style=\"text-align: justify;\">Zu unserem Projektpartner in Uganda <strong><a href=\"https:\/\/www.tukolere-wamu.de\/w\/projekte\/laufende-projekte\/uganda\/79-tusome\/\" target=\"_blank\" rel=\"noopener\">&nbsp;Tukolere Wamu e.V.<\/a><br \/>\n<a href=\"https:\/\/www.badische-zeitung.de\/die-schoenen-und-die-harten-seiten-afrikas--214434491.html\" target=\"_blank\" rel=\"noopener\">Zum Artikel der Badischen Zeitung<\/a><br \/>\n<\/strong><\/p>\n","protected":false},"excerpt":{"rendered":"<p>Auch in&nbsp; Uganda herrscht Schulpflicht.&nbsp; Bei Besuchen in Schulen f\u00e4llt jedoch auf, dass die unteren Klassen v\u00f6llig&nbsp; \u00fcberf\u00fcllt sind, w\u00e4hrend die oberen Klassen mit weit weniger Sch\u00fclern belegt sind. Allen Ausreden der Rektoren zum Trotz (die Sch\u00fcler w\u00fcrden zu anderen Schulen wechseln\u2026) gingen unsere ugandischen Projektpartner der Frage nach \u201ewo sind die 5., 6. und &hellip; <a href=\"https:\/\/oberle-stiftung.de\/?page_id=914\" class=\"more-link\"><span class=\"screen-reader-text\">Schulg\u00e4rten gegen den Hunger<\/span> weiterlesen <span class=\"meta-nav\">&rarr;<\/span><\/a><\/p>\n","protected":false},"author":3,"featured_media":0,"parent":58,"menu_order":0,"comment_status":"closed","ping_status":"closed","template":"","meta":{"ngg_post_thumbnail":0,"footnotes":""},"categories":[35,18],"tags":[],"class_list":["post-914","page","type-page","status-publish","hentry","category-hilfen-fuer-kinder-u-jugendliche","category-ost-afrika"],"_links":{"self":[{"href":"https:\/\/oberle-stiftung.de\/index.php?rest_route=\/wp\/v2\/pages\/914","targetHints":{"allow":["GET"]}}],"collection":[{"href":"https:\/\/oberle-stiftung.de\/index.php?rest_route=\/wp\/v2\/pages"}],"about":[{"href":"https:\/\/oberle-stiftung.de\/index.php?rest_route=\/wp\/v2\/types\/page"}],"author":[{"embeddable":true,"href":"https:\/\/oberle-stiftung.de\/index.php?rest_route=\/wp\/v2\/users\/3"}],"replies":[{"embeddable":true,"href":"https:\/\/oberle-stiftung.de\/index.php?rest_route=%2Fwp%2Fv2%2Fcomments&post=914"}],"version-history":[{"count":18,"href":"https:\/\/oberle-stiftung.de\/index.php?rest_route=\/wp\/v2\/pages\/914\/revisions"}],"predecessor-version":[{"id":5181,"href":"https:\/\/oberle-stiftung.de\/index.php?rest_route=\/wp\/v2\/pages\/914\/revisions\/5181"}],"up":[{"embeddable":true,"href":"https:\/\/oberle-stiftung.de\/index.php?rest_route=\/wp\/v2\/pages\/58"}],"wp:attachment":[{"href":"https:\/\/oberle-stiftung.de\/index.php?rest_route=%2Fwp%2Fv2%2Fmedia&parent=914"}],"wp:term":[{"taxonomy":"category","embeddable":true,"href":"https:\/\/oberle-stiftung.de\/index.php?rest_route=%2Fwp%2Fv2%2Fcategories&post=914"},{"taxonomy":"post_tag","embeddable":true,"href":"https:\/\/oberle-stiftung.de\/index.php?rest_route=%2Fwp%2Fv2%2Ftags&post=914"}],"curies":[{"name":"wp","href":"https:\/\/api.w.org\/{rel}","templated":true}]}}