{"id":960,"date":"2015-09-12T09:49:46","date_gmt":"2015-09-12T09:49:46","guid":{"rendered":"http:\/\/oberle-stiftung.de\/?page_id=960"},"modified":"2020-08-25T11:33:26","modified_gmt":"2020-08-25T11:33:26","slug":"wie-kann-man-fluechtlingen-in-suedbaden-helfen-bz-2-9-15","status":"publish","type":"page","link":"https:\/\/oberle-stiftung.de\/?page_id=960","title":{"rendered":"Wie kann man Fl\u00fcchtlingen in S\u00fcdbaden helfen?"},"content":{"rendered":"<h4 class=\"vorwort\" style=\"text-align: justify;\"><a href=\"http:\/\/oberle-stiftung.de\/wp-content\/uploads\/2015\/09\/DSCF0030-1.jpg\"><img loading=\"lazy\" decoding=\"async\" class=\"alignright size-thumbnail wp-image-770\" src=\"http:\/\/oberle-stiftung.de\/wp-content\/uploads\/2015\/09\/DSCF0030-1-150x150.jpg\" alt=\"DSCF0030 (1)\" width=\"150\" height=\"150\" \/><\/a>Badische Zeitung vom 02.09.2015<\/h4>\n<p class=\"vorwort\" style=\"text-align: justify;\">M\u00f6bel, Kleidung, Wohnung, Sprachunterricht:<br \/>\nWer als Fl\u00fcchtling nach S\u00fcdbaden kommt, braucht in vielerlei Hinsicht Hilfe. Gemeinden, Landrats\u00e4mter und Arbeitskreise der Helfer informieren dar\u00fcber, wie sich B\u00fcrger am besten f\u00fcr die Fl\u00fcchtlinge engagieren k\u00f6nnen.<\/p>\n<p class=\"vorwort\" style=\"text-align: justify;\"><!--more--><\/p>\n<p class=\"vorwort\" style=\"text-align: justify;\">Die Hilfsbereitschaft der s\u00fcdbadischen Bev\u00f6lkerung f ist gro\u00df. Viele fragen sich, wie sie gemessen an ihren M\u00f6glichkeiten, am besten helfen k\u00f6nnen. Etwa mit Geld, Sachspenden, gemeinsamen Freizeitaktivit\u00e4ten, Sprachunterricht oder gar Patenschaften.<\/p>\n<p class=\"vorwort\" style=\"text-align: right;\"><a class=\"nyroModal\" title=\"Sie k\u00f6nnen jede Hilfe gebrauchen.  | Foto: dpa\" href=\"http:\/\/ais.badische-zeitung.de\/piece\/06\/97\/51\/a9\/110580137.jpg\" target=\"_blank\" rel=\"gal\"> <img loading=\"lazy\" decoding=\"async\" id=\"110489895\" class=\" aligncenter\" title=\"Sie k\u00f6nnen jede Hilfe gebrauchen.  | Foto: dpa\" src=\"http:\/\/ais.badische-zeitung.de\/piece\/06\/97\/51\/a9\/110580137-p-590_450.jpg\" alt=\"\" width=\"408\" height=\"306\" \/><\/a>Foto dpa<\/p>\n<div class=\"bigGallery breaker\" style=\"text-align: justify;\">\n<div class=\"scrollableAutoHeight mygallery clear\">\n<ol class=\"items\">\n<li>\u00a0Fl\u00fcchtlinge k\u00f6nnen jede Hilfe gebrauchen.<\/li>\n<\/ol>\n<\/div>\n<\/div>\n<p style=\"text-align: justify;\">Damit aus &#8222;gut gemeint&#8220; nicht &#8222;schlecht gemacht&#8220; wird, koordinieren Beh\u00f6rden, Sozialarbeiter, Hilfsorganisationen und\u00a0 Ehrenamtliche die Hilfen\u00a0 in Arbeitskreisen.\u00a0 Das ist keine leichte Aufgabe, zumal die Bew\u00e4ltigung des rasant ansteigenden Zuzugs von Fl\u00fcchtlingen an sich schon eine gro\u00dfe Herausforderung ist.<\/p>\n<div class=\"ngZwiti\" style=\"text-align: justify;\"><span style=\"text-decoration: underline;\">Ich m\u00f6chte Geld spenden<\/span><\/div>\n<p style=\"text-align: justify;\">Einige Arbeitskreise von Ehrenamtlichen,\u00a0 wie etwa der &#8222;Arbeitskreis Miteinander&#8220; in L\u00f6rrach sind bereits eingetragene gemeinn\u00fctzige Vereine, die Geldspenden annehmen und Spendenquittungen ausstellen.<br \/>\n<span style=\"color: #993300;\"><strong>In Freiburg gibt es den &#8222;Freiburger Fl\u00fcchtlingsfonds&#8220; unter dem Dach der Wilhelm-Oberle-Stiftung, in dem die gesamten Spenden f\u00fcr Fl\u00fcchtlinge in der Stadt eingehen und\u00a0 ein\u00a0 Expertengremium dann \u00fcber die Verteilung der Mittel entscheidet.<\/strong><\/span><\/p>\n<div class=\"boxOhne breakerAd\" style=\"text-align: justify;\">\n<div id=\"zoneAdserverMrec\" class=\"top20\">\n<div id=\"helperAdserverMrec\">\n<div id=\"beacon_ffb7f6ce7e\"><img loading=\"lazy\" decoding=\"async\" src=\"http:\/\/w.online-verlag-freiburg.de\/www\/delivery\/lg.php?bannerid=4828&amp;campaignid=2277&amp;zoneid=136153&amp;loc=1&amp;referer=http%3A%2F%2Fwww.badische-zeitung.de%2Fsuedwest-1%2Fwie-kann-man-fluechtlingen-in-suedbaden-helfen--110559733.html&amp;cb=ffb7f6ce7e\" alt=\"\" width=\"0\" height=\"0\" \/>Gro\u00dfe Organisationen wie\u00a0 das Rote Kreuz, die Caritas und die Diakonie nehmen ebenfalls Spenden an.<br \/>\nUlf Fiedler vom &#8222;Freundeskreis Asyl&#8220; in Emmendingen sowie Vitus Lempfert vom &#8222;Arbeitskreis Miteinander&#8220; in L\u00f6rrach, raten jedoch davon ab, Fl\u00fcchtlingen direkt Geld zu geben, &#8222;weil das eine individuelle Bevorzugung gegen\u00fcber Anderen w\u00e4re und weil sich die Fl\u00fcchtlinge\u00a0\u00a0 nicht als Beschenkte f\u00fchlen sollen&#8220;.<\/div>\n<div><\/div>\n<\/div>\n<\/div>\n<\/div>\n<div class=\"ngZwiti\" style=\"text-align: justify;\"><span style=\"text-decoration: underline;\">Ich m\u00f6chte zeitweise mitarbeiten<\/span><\/div>\n<div class=\"ngZwiti\" style=\"text-align: justify;\">Wer helfen will, wendet sich am besten an die Stellen, die die Hilfen koordinieren (siehe nebenstehenden Kasten). Dort ist bekannt, wer wo was am Dringendsten ben\u00f6tigt.\u00a0 Es gibt\u00a0 Praktisches zu tun und Organisatorisches. &#8222;Das Wichtigste ist aber der Kontakt zu den Menschen selbst&#8220;, sagt Ulf Fiedler. Da geht es darum, Menschen zu Beh\u00f6rden oder zum Arzt zu begleiten oder dabei zu helfen, Lebensl\u00e4ufe f\u00fcr sp\u00e4tere Bewerbungen zu schreiben.<\/div>\n<div class=\"ngZwiti\" style=\"text-align: justify;\"><\/div>\n<p style=\"text-align: justify;\"><span style=\"text-decoration: underline;\">Ich m\u00f6chte den Fl\u00fcchtlingen helfen, Deutsch zu lernen<\/span><br \/>\nIn den Gemeinschaftsunterk\u00fcnften gibt es zwar Deutschkurse, aber es braucht viel weitere Unterst\u00fctzung, bis die Sprache sitzt. &#8222;Hilfreich ist deshalb einfach das Gespr\u00e4ch in Deutsch&#8220;, sagt Fiedler. &#8222;Man muss nicht Lehrer sein oder gar Deutsch als Fremdsprache studiert haben, um den Fl\u00fcchtlingen beim Erwerb der Sprache weiterzuhelfen&#8220;.<br \/>\nDa reicht es schon, mit ihnen durch die Stadt zu gehen und zu erkl\u00e4ren, wo sich was befindet. Jeder Kontakt, ob beim gemeinsamen Grillen oder im Sport- oder Musikverein, ist ein kleiner Deutschkurs. W\u00fcnschenswert ist nat\u00fcrlich weiterhin Nachhilfe f\u00fcr Schulkinder.<\/p>\n<div class=\"ngZwiti\" style=\"text-align: justify;\"><span style=\"text-decoration: underline;\">Ich m\u00f6chte mich um eine Familie k\u00fcmmern<\/span><\/div>\n<div class=\"ngZwiti\" style=\"text-align: justify;\">Beeindruckendes leistet der &#8222;Arbeitskreis Miteinander&#8220;.\u00a0 Er steht 40 Fl\u00fcchtlingsfamilien mit Rat und Tat zur Seite. &#8222;Das sind insgesamt etwa 130 bis 150 Personen. Jede dieser Familien hat einen Begleiter, teilweise schon seit Jahren&#8220;, erz\u00e4hlt Vitus Lempfert, der als Vorsitzender t\u00e4tig ist.<\/div>\n<p style=\"text-align: justify;\">Die Begleiter (die Begriffe Patenschaft oder Betreuung verwendet er\u00a0 weniger\u00a0 gern) k\u00fcmmern sich um Familien, die inzwischen in Wohnungen leben, helfen bei Beh\u00f6rdenkram, organisieren einen Kinderwagen f\u00fcr das Baby oder vermitteln Mitgliedschaften in Sportvereinen.\u00a0 Die Begleiter stehen in\u00a0 regelm\u00e4\u00dfigem\u00a0 Kontakt mit ihren Fl\u00fcchtlingsfamilien. Sie l\u00f6sen gewisserma\u00dfen die Sozialarbeiter ab, denn nach dem Auszug aus der Gemeinschaftsunterkunft endet dich Betreuung durch die Sozialarbeiter nach maximal 6 Moanten. &#8222;Vor allem durchbrechen die Begleiter die Isolation dieser Familien. Das ist das Wichtigste&#8220;, sagt Lempfert. Der Zeitaufwand ist von Fall zu Fall verschieden.<\/p>\n<p style=\"text-align: justify;\"><a href=\"https:\/\/www.badische-zeitung.de\/suedwest-1\/wie-kann-man-fluechtlingen-in-suedbaden-helfen\" target=\"_blank\"><strong>Wie kann man Fl\u00fcchtlingen in S\u00fcdbaden helfen?<br \/>\n<\/strong> (ver\u00f6ffentlicht am Mi, 02. September 2015 08:42 Uhr auf badische-zeitung.de)<\/a><\/p>\n<p style=\"text-align: justify;\">\n","protected":false},"excerpt":{"rendered":"<p>Badische Zeitung vom 02.09.2015 M\u00f6bel, Kleidung, Wohnung, Sprachunterricht: Wer als Fl\u00fcchtling nach S\u00fcdbaden kommt, braucht in vielerlei Hinsicht Hilfe. Gemeinden, Landrats\u00e4mter und Arbeitskreise der Helfer informieren dar\u00fcber, wie sich B\u00fcrger am besten f\u00fcr die Fl\u00fcchtlinge engagieren k\u00f6nnen.<\/p>\n","protected":false},"author":3,"featured_media":0,"parent":58,"menu_order":0,"comment_status":"closed","ping_status":"closed","template":"","meta":{"ngg_post_thumbnail":0,"footnotes":""},"categories":[36,21],"tags":[],"class_list":["post-960","page","type-page","status-publish","hentry","category-hilfen-fuer-fluechtlinge","category-region-freiburg"],"_links":{"self":[{"href":"https:\/\/oberle-stiftung.de\/index.php?rest_route=\/wp\/v2\/pages\/960","targetHints":{"allow":["GET"]}}],"collection":[{"href":"https:\/\/oberle-stiftung.de\/index.php?rest_route=\/wp\/v2\/pages"}],"about":[{"href":"https:\/\/oberle-stiftung.de\/index.php?rest_route=\/wp\/v2\/types\/page"}],"author":[{"embeddable":true,"href":"https:\/\/oberle-stiftung.de\/index.php?rest_route=\/wp\/v2\/users\/3"}],"replies":[{"embeddable":true,"href":"https:\/\/oberle-stiftung.de\/index.php?rest_route=%2Fwp%2Fv2%2Fcomments&post=960"}],"version-history":[{"count":23,"href":"https:\/\/oberle-stiftung.de\/index.php?rest_route=\/wp\/v2\/pages\/960\/revisions"}],"predecessor-version":[{"id":2854,"href":"https:\/\/oberle-stiftung.de\/index.php?rest_route=\/wp\/v2\/pages\/960\/revisions\/2854"}],"up":[{"embeddable":true,"href":"https:\/\/oberle-stiftung.de\/index.php?rest_route=\/wp\/v2\/pages\/58"}],"wp:attachment":[{"href":"https:\/\/oberle-stiftung.de\/index.php?rest_route=%2Fwp%2Fv2%2Fmedia&parent=960"}],"wp:term":[{"taxonomy":"category","embeddable":true,"href":"https:\/\/oberle-stiftung.de\/index.php?rest_route=%2Fwp%2Fv2%2Fcategories&post=960"},{"taxonomy":"post_tag","embeddable":true,"href":"https:\/\/oberle-stiftung.de\/index.php?rest_route=%2Fwp%2Fv2%2Ftags&post=960"}],"curies":[{"name":"wp","href":"https:\/\/api.w.org\/{rel}","templated":true}]}}