{"id":977,"date":"2015-09-12T17:51:44","date_gmt":"2015-09-12T17:51:44","guid":{"rendered":"http:\/\/oberle-stiftung.de\/?page_id=977"},"modified":"2021-01-20T11:52:30","modified_gmt":"2021-01-20T11:52:30","slug":"eine-gute-betreuung-fuer-behinderte-kinder-in-lima","status":"publish","type":"page","link":"https:\/\/oberle-stiftung.de\/?page_id=977","title":{"rendered":"Eine freudige Betreuung f\u00fcr behinderte Kinder in Lima"},"content":{"rendered":"<p style=\"text-align: justify;\"><a href=\"http:\/\/oberle-stiftung.de\/wp-content\/uploads\/2015\/09\/BehMolina-VersRollst\u00fchle-Nah.jpg\"><img loading=\"lazy\" decoding=\"async\" width=\"150\" height=\"150\" class=\"alignright size-thumbnail wp-image-1935\" alt=\"\" src=\"http:\/\/oberle-stiftung.de\/wp-content\/uploads\/2015\/09\/BehMolina-VersRollst\u00fchle-Nah-150x150.jpg\"><\/a>F\u00fcr arme Familien sind behinderte Kinder eine (\u00fcber-) gro\u00dfe Last. F\u00fcr eine spezielle oder gar therapeutische Versorgung fehlen jegliche Mittel. Der instabile Gesundheitszustand verschlechtert sich schnell. Oft sind&nbsp; die Behinderten&nbsp; nicht in der Lage,&nbsp; ihre H\u00fctte zu verlassen.<br \/>\n\u201eLa Alegria en el Se\u00f1or\u201c, also \u201edie Freude im Herrn\u201c ist der Name einer Behindertenschule in der peruanischen Hauptstadt &#8230;<\/p>\n<p style=\"text-align: justify;\"><!--more--><br \/>\nSie wurde vor \u00fcber 50 Jahren von einer ehemals Deutschen in Lima gegr\u00fcndet, die &#8211; im Alter von 80 Jahren &#8211; die Schulleitung dann an Ordensschwestern \u00fcbergab, denen die &#8222;Freunde im Herrn&#8220; ein besonderes Anliegen war und ist.<\/p>\n<p style=\"text-align: justify;\"><a href=\"http:\/\/oberle-stiftung.de\/wp-content\/uploads\/2015\/09\/BehMolina_Luz-Amparo-y-Medalie.jpg\"><img loading=\"lazy\" decoding=\"async\" width=\"300\" height=\"225\" class=\"alignleft size-medium wp-image-980\" alt=\"BehMolina_Luz-Amparo-y-Medalie\" src=\"http:\/\/oberle-stiftung.de\/wp-content\/uploads\/2015\/09\/BehMolina_Luz-Amparo-y-Medalie-300x225.jpg\" srcset=\"https:\/\/oberle-stiftung.de\/wp-content\/uploads\/2015\/09\/BehMolina_Luz-Amparo-y-Medalie-300x225.jpg 300w, https:\/\/oberle-stiftung.de\/wp-content\/uploads\/2015\/09\/BehMolina_Luz-Amparo-y-Medalie-1024x768.jpg 1024w, https:\/\/oberle-stiftung.de\/wp-content\/uploads\/2015\/09\/BehMolina_Luz-Amparo-y-Medalie.jpg 2048w\" sizes=\"auto, (max-width: 300px) 100vw, 300px\" \/><\/a>Wer die Einrichtung betritt, sp\u00fcrt sofort: Hier ist etwas Besonderes und Anderes. Vielleicht ist es der sorgsame und respektvolle Umgang zwischen den Menschen hier, die Mischung aus Ruhe, Lebendigkeit und Lebenswille. Oder einfach nur das Gef\u00fchl, dass jeder so angenommen wird,&nbsp; wie er oder sie ist. Die Kinderaugen der Jungen und M\u00e4dchen strahlen vor Freude, Dankbarkeit und Willensst\u00e4rke. Die Rollst\u00fchle und Kr\u00fccken, mit denen sich viele nur m\u00fchsam fortbewegen k\u00f6nnen, sind nicht zu \u00fcbersehen. Und doch spielen die Hilfsmittel&nbsp; keine Hauptrolle.<\/p>\n<p style=\"text-align: justify;\">Freude scheint es hier in&nbsp; allen Ecken und Enden zu geben. Aus dem&nbsp; Klassenzimmer links&nbsp; t\u00f6nt der Gesang&nbsp; heller Kinderstimmen. Es wird gemeinsam musiziert, dabei spielt es keine Rolle, ob jemand stumm ist oder nicht.&nbsp; Auch T\u00f6ne und Ger\u00e4usche&nbsp; sind willkommene Beitr\u00e4ge zum Gesang.<\/p>\n<p style=\"text-align: justify;\"><a href=\"http:\/\/oberle-stiftung.de\/wp-content\/uploads\/2015\/09\/BehMolina-Gency-en-terapia.jpg\"><img loading=\"lazy\" decoding=\"async\" width=\"225\" height=\"300\" class=\"alignright size-medium wp-image-1937\" alt=\"\" src=\"http:\/\/oberle-stiftung.de\/wp-content\/uploads\/2015\/09\/BehMolina-Gency-en-terapia-225x300.jpg\" srcset=\"https:\/\/oberle-stiftung.de\/wp-content\/uploads\/2015\/09\/BehMolina-Gency-en-terapia-225x300.jpg 225w, https:\/\/oberle-stiftung.de\/wp-content\/uploads\/2015\/09\/BehMolina-Gency-en-terapia-768x1024.jpg 768w, https:\/\/oberle-stiftung.de\/wp-content\/uploads\/2015\/09\/BehMolina-Gency-en-terapia.jpg 1536w\" sizes=\"auto, (max-width: 225px) 100vw, 225px\" \/><\/a>Gleich im Raum gegen\u00fcber trainieren ein paar Jungs im Grundschulalter ihre Feinmotorik. Ganz langsam und hochkonzentriert versuchen sie, aus Knete Tiere zu formen. F\u00fcr sie ist es Schwerstarbeit, ein reiner Kraftakt. Hin und wieder muntert der eine den anderen l\u00e4chelnd auf, ansonsten lauschen alle dem&nbsp; Kindergesang von nebenan. Nach einer guten halben Stunde sind die Tiere fertig. \u201eDas ist ein Hund\u201c, so der Junge mit den Wuschelhaaren. \u201eUnd ich habe Lama gemacht\u201c, f\u00e4llt der andere stolz ins Wort. Noch vor ein paar Wochen konnte er seine H\u00e4nde kaum bewegen freut sich deshalb \u00fcber sein Knetexemplar Namens \u201eLama-Luna\u201c. In der Schule gibt es eine&nbsp; gro\u00dfe Bandbreite an Therapieformen: Kunsttherapie, Physiotherapie und Krankengymnastik.<\/p>\n<p style=\"text-align: justify;\">Damals wie heute ist das Ziel der Schule, behinderten Kindern eine angepa\u00dfte und m\u00f6glichst optimale Schulausbildung zu erm\u00f6glichen. Die Schule befindet sich in einem wohlhabendem Stadtteil von Lima (La Molina) und verf\u00fcgt&nbsp; deshalb \u00fcber eine gute Grundausstattung. Viele behinderte Kinder aus reichen Familien besuchen&nbsp; diese Schule, an der&nbsp; M\u00fctter aus der Mittelschicht&nbsp; ehrenamtlich mitarbeiten.<br \/>\n<a href=\"http:\/\/oberle-stiftung.de\/wp-content\/uploads\/2015\/09\/EH-Lima-Fam.-Maricruz-ColLaMolina.jpg\"><img loading=\"lazy\" decoding=\"async\" width=\"281\" height=\"211\" class=\"alignleft  wp-image-983\" alt=\"\" src=\"http:\/\/oberle-stiftung.de\/wp-content\/uploads\/2015\/09\/EH-Lima-Fam.-Maricruz-ColLaMolina-300x225.jpg\" srcset=\"https:\/\/oberle-stiftung.de\/wp-content\/uploads\/2015\/09\/EH-Lima-Fam.-Maricruz-ColLaMolina-300x225.jpg 300w, https:\/\/oberle-stiftung.de\/wp-content\/uploads\/2015\/09\/EH-Lima-Fam.-Maricruz-ColLaMolina-1024x768.jpg 1024w, https:\/\/oberle-stiftung.de\/wp-content\/uploads\/2015\/09\/EH-Lima-Fam.-Maricruz-ColLaMolina.jpg 2048w\" sizes=\"auto, (max-width: 281px) 100vw, 281px\" \/><\/a>Die Aufgabe der Stiftung ist,&nbsp; auch den Kindern aus den \u00e4rmsten Familien der Slums in der Umgebung den Schulbesuch zu erm\u00f6glichen. Deshalb unterst\u00fctzen wir den Schultransport.<br \/>\nDie Kinder werden morgens abgeholt und&nbsp; nach Schulschluss am sp\u00e4ten Nachmittag wieder zur\u00fcck zu ihren Familien gebracht. Bildung oder Therapien bliebe ihnen in den Armenvierteln ansonsten komplett verschlossen.<\/p>\n<p style=\"text-align: justify;\">Vielleicht saugen deshalb so viele Kinder alles Erlernte&nbsp; auf wie ein Schwamm. Besonders beliebt ist&nbsp; das Fitnessprogramm. Sei es im kleinen Hof an Sportger\u00e4ten zu \u00fcben oder sich in der Turnhalle mit Gummib\u00e4llen und Seilen zu besch\u00e4ftigen. Aber auch Ausfl\u00fcge, Kunstworkshops und Musiktherapieeinheiten werden von den Kindern freudig angenommen. Bei Festen mit den Angeh\u00f6rigen werden dann gemeinsame Rollstuhl-Polonaisen veranstaltet:&nbsp; Musik und Bewegung lassen&nbsp; die Herzen aller h\u00f6her schlagen.<\/p>\n<p><a href=\"http:\/\/oberle-stiftung.de\/wp-content\/uploads\/2015\/09\/BehMolina-VersRollst\u00fchle-Nah.jpg\"><img loading=\"lazy\" decoding=\"async\" width=\"300\" height=\"225\" class=\"alignright size-medium wp-image-1935\" alt=\"\" src=\"http:\/\/oberle-stiftung.de\/wp-content\/uploads\/2015\/09\/BehMolina-VersRollst\u00fchle-Nah-300x225.jpg\" srcset=\"https:\/\/oberle-stiftung.de\/wp-content\/uploads\/2015\/09\/BehMolina-VersRollst\u00fchle-Nah-300x225.jpg 300w, https:\/\/oberle-stiftung.de\/wp-content\/uploads\/2015\/09\/BehMolina-VersRollst\u00fchle-Nah-1024x768.jpg 1024w\" sizes=\"auto, (max-width: 300px) 100vw, 300px\" \/><\/a><\/p>\n<p style=\"text-align: justify;\">Wenn die Kinder dann Sp\u00e4tnachmittags&nbsp; nach Hause kommen, sehen sie zufrieden und m\u00fcde aus. Sie&nbsp; berichten von ihren Tageserlebnissen. Anderen fallen die Augen zu, denn die Slums sind ganz sch\u00f6n weit von La Molina entfernt und das Geschaukel auf den&nbsp; steinigen Schotterwegen&nbsp; macht m\u00fcde.<\/p>\n<p>&nbsp;<\/p>\n<p>&nbsp;<\/p>\n<p>direkt zu unserem Projektpartner in Peru (Spanisch): <strong><a href=\"http:\/\/laalegriaenelsenor.edu.pe\/pages\/page1.php\" target=\"_blank\" rel=\"noopener noreferrer\">La Alegria en el Senor<\/a><\/strong><\/p>\n","protected":false},"excerpt":{"rendered":"<p>F\u00fcr arme Familien sind behinderte Kinder eine (\u00fcber-) gro\u00dfe Last. F\u00fcr eine spezielle oder gar therapeutische Versorgung fehlen jegliche Mittel. Der instabile Gesundheitszustand verschlechtert sich schnell. Oft sind&nbsp; die Behinderten&nbsp; nicht in der Lage,&nbsp; ihre H\u00fctte zu verlassen. \u201eLa Alegria en el Se\u00f1or\u201c, also \u201edie Freude im Herrn\u201c ist der Name einer Behindertenschule in der &hellip; <a href=\"https:\/\/oberle-stiftung.de\/?page_id=977\" class=\"more-link\"><span class=\"screen-reader-text\">Eine freudige Betreuung f\u00fcr behinderte Kinder in Lima<\/span> weiterlesen <span class=\"meta-nav\">&rarr;<\/span><\/a><\/p>\n","protected":false},"author":3,"featured_media":0,"parent":58,"menu_order":0,"comment_status":"closed","ping_status":"closed","template":"","meta":{"ngg_post_thumbnail":0,"footnotes":""},"categories":[35,33,9],"tags":[],"class_list":["post-977","page","type-page","status-publish","hentry","category-hilfen-fuer-kinder-u-jugendliche","category-hilfen-fuer-behinderte","category-peru"],"_links":{"self":[{"href":"https:\/\/oberle-stiftung.de\/index.php?rest_route=\/wp\/v2\/pages\/977","targetHints":{"allow":["GET"]}}],"collection":[{"href":"https:\/\/oberle-stiftung.de\/index.php?rest_route=\/wp\/v2\/pages"}],"about":[{"href":"https:\/\/oberle-stiftung.de\/index.php?rest_route=\/wp\/v2\/types\/page"}],"author":[{"embeddable":true,"href":"https:\/\/oberle-stiftung.de\/index.php?rest_route=\/wp\/v2\/users\/3"}],"replies":[{"embeddable":true,"href":"https:\/\/oberle-stiftung.de\/index.php?rest_route=%2Fwp%2Fv2%2Fcomments&post=977"}],"version-history":[{"count":36,"href":"https:\/\/oberle-stiftung.de\/index.php?rest_route=\/wp\/v2\/pages\/977\/revisions"}],"predecessor-version":[{"id":3305,"href":"https:\/\/oberle-stiftung.de\/index.php?rest_route=\/wp\/v2\/pages\/977\/revisions\/3305"}],"up":[{"embeddable":true,"href":"https:\/\/oberle-stiftung.de\/index.php?rest_route=\/wp\/v2\/pages\/58"}],"wp:attachment":[{"href":"https:\/\/oberle-stiftung.de\/index.php?rest_route=%2Fwp%2Fv2%2Fmedia&parent=977"}],"wp:term":[{"taxonomy":"category","embeddable":true,"href":"https:\/\/oberle-stiftung.de\/index.php?rest_route=%2Fwp%2Fv2%2Fcategories&post=977"},{"taxonomy":"post_tag","embeddable":true,"href":"https:\/\/oberle-stiftung.de\/index.php?rest_route=%2Fwp%2Fv2%2Ftags&post=977"}],"curies":[{"name":"wp","href":"https:\/\/api.w.org\/{rel}","templated":true}]}}